{"id":18148,"date":"2025-05-23T04:32:43","date_gmt":"2025-05-23T04:32:43","guid":{"rendered":"https:\/\/www.jch.com.pe\/?post_type=product&#038;p=18148"},"modified":"2025-05-23T04:33:45","modified_gmt":"2025-05-23T04:33:45","slug":"caja-visible-con-toma-visible-c-tapa-mennekes-32amp-415v","status":"publish","type":"product","link":"https:\/\/www.jch.com.pe\/?product=caja-visible-con-toma-visible-c-tapa-mennekes-32amp-415v","title":{"rendered":"CAJA VISIBLE CON TOMA VISIBLE C\/TAPA MENNEKES 32AMP 415V"},"content":{"rendered":"\t\t<div data-elementor-type=\"wp-post\" data-elementor-id=\"18148\" class=\"elementor elementor-18148\" data-elementor-post-type=\"product\">\n\t\t\t\t<div class=\"wd-negative-gap elementor-element elementor-element-c70fe3d e-flex e-con-boxed e-con e-parent\" data-id=\"c70fe3d\" data-element_type=\"container\" data-e-type=\"container\">\n\t\t\t\t\t<div class=\"e-con-inner\">\n\t\t\t\t<div class=\"elementor-element elementor-element-2b1ddee elementor-widget elementor-widget-wd_text_block\" data-id=\"2b1ddee\" data-element_type=\"widget\" data-e-type=\"widget\" data-widget_type=\"wd_text_block.default\">\n\t\t\t\t<div class=\"elementor-widget-container\">\n\t\t\t\t\t\t\t<div class=\"wd-text-block reset-last-child text-left\">\n\t\t\t\n\t\t\t<div class=\"FS16PX aos-init aos-animate\" data-aos=\"fade-right\">La caja peque\u00f1a KX, E-Box KX, de chapa de acero, ofrece una elevada comodidad de montaje, as\u00ed como flexibilidad en la selecci\u00f3n del sistema de cierre.<\/div><div class=\"FS16PX TablaFiltrosTitulo\"><div class=\"TablaFiltrosTituloAncho\"><div><strong>Marcas<\/strong>: rittal<\/div><\/div><\/div><div class=\"FS16PX TablaFiltrosTitulo\"><div class=\"TablaFiltrosTituloAncho\"><div><strong>Armarios<\/strong>: inox<\/div><\/div><\/div><div class=\"FS16PX TablaFiltrosTitulo\"><div class=\"TablaFiltrosTituloAncho\"><div><strong>Autosoportados<\/strong><\/div><\/div><div class=\"TablaFiltrosCuerpo\"><div><strong>Climatizaci\u00f3n<\/strong><\/div><\/div><\/div>\n\t\t\t\t\t<\/div>\n\t\t\t\t\t\t<\/div>\n\t\t\t\t<\/div>\n\t\t\t\t\t<\/div>\n\t\t\t\t<\/div>\n\t\t\t\t<\/div>\n\t\t","protected":false},"excerpt":{"rendered":"<div class=\"FS16PX aos-init aos-animate\" data-aos=\"fade-right\">\n<div class=\"FS16PX aos-init aos-animate\" data-aos=\"fade-right\">\n<div class=\"FS16PX aos-init aos-animate\" data-aos=\"fade-right\">\n<div class=\"\">\n<div class=\"FS16PX aos-init aos-animate\" data-aos=\"fade-right\">\n<div class=\"FS16PX aos-init aos-animate\" data-aos=\"fade-right\">\n<div class=\"FS16PX aos-init aos-animate\" data-aos=\"fade-right\">\n<div class=\"FS16PX aos-init aos-animate\" data-aos=\"fade-right\">\n<div class=\"FS16PX aos-init aos-animate\" data-aos=\"fade-right\">\n<div class=\"W100 MGN10PX\">\n<div class=\"\">\n<div class=\"FS16PX aos-init aos-animate\" data-aos=\"fade-right\">\n<div class=\"FS16PX\">\n<div class=\"FS16PX aos-init aos-animate\" data-aos=\"fade-right\">\n<div class=\"FS16PX aos-init aos-animate\" data-aos=\"fade-right\">\n<div class=\"FS16PX\">\n<div class=\"FS16PX aos-init aos-animate\" data-aos=\"fade-right\">\n<div class=\"W100 MGN10PX\">\n<div class=\"W100 MGN10PX\">\n<div class=\"W100 MGN10PX\">\n<div class=\"\">\n<div class=\"W100 MGN10PX\">\n<div class=\"FS16PX\">\n<div class=\"W100 MGN10PX\">\n<div class=\"FS16PX\">\n<div class=\"W100 MGN10PX\">\n<div class=\"FS16PX\">\n<div class=\"W100 MGN10PX\">\n<div class=\"FS16PX\">\n<div class=\"W100 MGN10PX\">\n<div class=\"FS16PX\">\n<div class=\"W100 MGN10PX\">\n<div class=\"FS16PX\">\n<div class=\"W100 MGN10PX\">\n<div class=\"FS16PX\">\n<div class=\"W100 MGN10PX\">\n<div class=\"FS16PX\">\n<div class=\"W100 MGN10PX\">\n<div class=\"\"><\/div>\n<div class=\"FS16PX\">IP44<\/div>\n<\/div>\n<div class=\"W100 MGN10PX\">\n<div class=\"\"><\/div>\n<div class=\"FS16PX\">2P\/3P<\/div>\n<\/div>\n<div class=\"W100 MGN10PX\">\n<div class=\"\"><\/div>\n<div class=\"FS16PX\">6H<\/div>\n<\/div>\n<\/div>\n<\/div>\n<\/div>\n<\/div>\n<\/div>\n<\/div>\n<\/div>\n<\/div>\n<\/div>\n<\/div>\n<\/div>\n<\/div>\n<\/div>\n<\/div>\n<\/div>\n<div>\n<div class=\"FS16PX TablaFiltrosTitulo\">\n<div class=\"TablaFiltrosTituloAncho\"><a class=\"whatsapp-btn\" href=\"https:\/\/wa.me\/+51992461432?text=\u00a1Hola!%20Estoy%20interesado%20en%20solicitar%20una%20cotizaci\u00f3n\" target=\"_blank\" rel=\"noopener\">\u00a1Cotiza ahora!<\/a><\/div>\n<\/div>\n<\/div>\n<\/div>\n<\/div>\n<\/div>\n<\/div>\n<\/div>\n<\/div>\n<\/div>\n<\/div>\n<\/div>\n<\/div>\n<\/div>\n<\/div>\n<\/div>\n<\/div>\n<\/div>\n<\/div>\n<\/div>\n<\/div>\n<\/div>\n<\/div>\n<\/div>\n<\/div>\n","protected":false},"featured_media":18146,"comment_status":"open","ping_status":"closed","template":"","meta":{"_joinchat":[]},"product_brand":[260],"product_cat":[244],"product_tag":[],"class_list":{"0":"post-18148","1":"product","2":"type-product","3":"status-publish","4":"has-post-thumbnail","6":"product_brand-mennekes","7":"product_cat-material-de-instalaciones-electricas","9":"first","10":"instock","11":"shipping-taxable","12":"product-type-simple"},"_links":{"self":[{"href":"https:\/\/www.jch.com.pe\/index.php?rest_route=\/wp\/v2\/product\/18148","targetHints":{"allow":["GET"]}}],"collection":[{"href":"https:\/\/www.jch.com.pe\/index.php?rest_route=\/wp\/v2\/product"}],"about":[{"href":"https:\/\/www.jch.com.pe\/index.php?rest_route=\/wp\/v2\/types\/product"}],"replies":[{"embeddable":true,"href":"https:\/\/www.jch.com.pe\/index.php?rest_route=%2Fwp%2Fv2%2Fcomments&post=18148"}],"version-history":[{"count":1,"href":"https:\/\/www.jch.com.pe\/index.php?rest_route=\/wp\/v2\/product\/18148\/revisions"}],"predecessor-version":[{"id":18149,"href":"https:\/\/www.jch.com.pe\/index.php?rest_route=\/wp\/v2\/product\/18148\/revisions\/18149"}],"wp:featuredmedia":[{"embeddable":true,"href":"https:\/\/www.jch.com.pe\/index.php?rest_route=\/wp\/v2\/media\/18146"}],"wp:attachment":[{"href":"https:\/\/www.jch.com.pe\/index.php?rest_route=%2Fwp%2Fv2%2Fmedia&parent=18148"}],"wp:term":[{"taxonomy":"product_brand","embeddable":true,"href":"https:\/\/www.jch.com.pe\/index.php?rest_route=%2Fwp%2Fv2%2Fproduct_brand&post=18148"},{"taxonomy":"product_cat","embeddable":true,"href":"https:\/\/www.jch.com.pe\/index.php?rest_route=%2Fwp%2Fv2%2Fproduct_cat&post=18148"},{"taxonomy":"product_tag","embeddable":true,"href":"https:\/\/www.jch.com.pe\/index.php?rest_route=%2Fwp%2Fv2%2Fproduct_tag&post=18148"}],"curies":[{"name":"wp","href":"https:\/\/api.w.org\/{rel}","templated":true}]}}