{"id":18043,"date":"2025-05-23T03:02:47","date_gmt":"2025-05-23T03:02:47","guid":{"rendered":"https:\/\/www.jch.com.pe\/?post_type=product&#038;p=18043"},"modified":"2025-05-23T03:03:29","modified_gmt":"2025-05-23T03:03:29","slug":"bandeja-portacable-tipo-perforada","status":"publish","type":"product","link":"https:\/\/www.jch.com.pe\/?product=bandeja-portacable-tipo-perforada","title":{"rendered":"BANDEJA PORTACABLE TIPO PERFORADA"},"content":{"rendered":"\t\t<div data-elementor-type=\"wp-post\" data-elementor-id=\"18043\" class=\"elementor elementor-18043\" data-elementor-post-type=\"product\">\n\t\t\t\t<div class=\"wd-negative-gap elementor-element elementor-element-c70fe3d e-flex e-con-boxed e-con e-parent\" data-id=\"c70fe3d\" data-element_type=\"container\" data-e-type=\"container\">\n\t\t\t\t\t<div class=\"e-con-inner\">\n\t\t\t\t<div class=\"elementor-element elementor-element-2b1ddee elementor-widget elementor-widget-wd_text_block\" data-id=\"2b1ddee\" data-element_type=\"widget\" data-e-type=\"widget\" data-widget_type=\"wd_text_block.default\">\n\t\t\t\t<div class=\"elementor-widget-container\">\n\t\t\t\t\t\t\t<div class=\"wd-text-block reset-last-child text-left\">\n\t\t\t\n\t\t\t<div class=\"FS16PX aos-init aos-animate\" data-aos=\"fade-right\">La caja peque\u00f1a KX, E-Box KX, de chapa de acero, ofrece una elevada comodidad de montaje, as\u00ed como flexibilidad en la selecci\u00f3n del sistema de cierre.<\/div><div class=\"FS16PX TablaFiltrosTitulo\"><div class=\"TablaFiltrosTituloAncho\"><div><strong>Marcas<\/strong>: rittal<\/div><\/div><\/div><div class=\"FS16PX TablaFiltrosTitulo\"><div class=\"TablaFiltrosTituloAncho\"><div><strong>Armarios<\/strong>: inox<\/div><\/div><\/div><div class=\"FS16PX TablaFiltrosTitulo\"><div class=\"TablaFiltrosTituloAncho\"><div><strong>Autosoportados<\/strong><\/div><\/div><div class=\"TablaFiltrosCuerpo\"><div><strong>Climatizaci\u00f3n<\/strong><\/div><\/div><\/div>\n\t\t\t\t\t<\/div>\n\t\t\t\t\t\t<\/div>\n\t\t\t\t<\/div>\n\t\t\t\t\t<\/div>\n\t\t\t\t<\/div>\n\t\t\t\t<\/div>\n\t\t","protected":false},"excerpt":{"rendered":"<div class=\"FS16PX aos-init aos-animate\" data-aos=\"fade-right\">\n<div class=\"FS16PX aos-init aos-animate\" data-aos=\"fade-right\">\n<div class=\"FS16PX aos-init aos-animate\" data-aos=\"fade-right\">\n<div class=\"\">\n<div class=\"FS16PX aos-init aos-animate\" data-aos=\"fade-right\">\n<div class=\"FS16PX aos-init aos-animate\" data-aos=\"fade-right\">\n<div>\n<div class=\"FS16PX aos-init aos-animate\" data-aos=\"fade-right\">\n<div class=\"FS16PX aos-init aos-animate\" data-aos=\"fade-right\">Este tipo de bandeja ofrece un porcentaje de ventilaci\u00f3n a los cables, su principal caracter\u00edstica es dar una superficie de soporte y protecci\u00f3n a los cables adem\u00e1s de ventilaci\u00f3n, evitando se produzcan pandeos o colgaduras en los cables.<\/div>\n<div class=\"FS16PX TablaFiltrosTitulo\">\n<div class=\"TablaFiltrosTituloAncho\"><\/div>\n<\/div>\n<\/div>\n<div class=\"FS16PX TablaFiltrosTitulo\">\n<div class=\"TablaFiltrosTituloAncho\"><\/div>\n<\/div>\n<\/div>\n<\/div>\n<\/div>\n<\/div>\n<\/div>\n<\/div>\n<\/div>\n<p><a class=\"whatsapp-btn\" href=\"https:\/\/wa.me\/+51992461432?text=\u00a1Hola!%20Estoy%20interesado%20en%20solicitar%20una%20cotizaci\u00f3n\" target=\"_blank\" rel=\"noopener\">\u00a1Cotiza ahora!<\/a><\/p>\n","protected":false},"featured_media":18044,"comment_status":"open","ping_status":"closed","template":"","meta":{"_joinchat":[]},"product_brand":[],"product_cat":[244],"product_tag":[],"class_list":{"0":"post-18043","1":"product","2":"type-product","3":"status-publish","4":"has-post-thumbnail","6":"product_cat-material-de-instalaciones-electricas","8":"first","9":"instock","10":"shipping-taxable","11":"product-type-simple"},"_links":{"self":[{"href":"https:\/\/www.jch.com.pe\/index.php?rest_route=\/wp\/v2\/product\/18043","targetHints":{"allow":["GET"]}}],"collection":[{"href":"https:\/\/www.jch.com.pe\/index.php?rest_route=\/wp\/v2\/product"}],"about":[{"href":"https:\/\/www.jch.com.pe\/index.php?rest_route=\/wp\/v2\/types\/product"}],"replies":[{"embeddable":true,"href":"https:\/\/www.jch.com.pe\/index.php?rest_route=%2Fwp%2Fv2%2Fcomments&post=18043"}],"version-history":[{"count":1,"href":"https:\/\/www.jch.com.pe\/index.php?rest_route=\/wp\/v2\/product\/18043\/revisions"}],"predecessor-version":[{"id":18045,"href":"https:\/\/www.jch.com.pe\/index.php?rest_route=\/wp\/v2\/product\/18043\/revisions\/18045"}],"wp:featuredmedia":[{"embeddable":true,"href":"https:\/\/www.jch.com.pe\/index.php?rest_route=\/wp\/v2\/media\/18044"}],"wp:attachment":[{"href":"https:\/\/www.jch.com.pe\/index.php?rest_route=%2Fwp%2Fv2%2Fmedia&parent=18043"}],"wp:term":[{"taxonomy":"product_brand","embeddable":true,"href":"https:\/\/www.jch.com.pe\/index.php?rest_route=%2Fwp%2Fv2%2Fproduct_brand&post=18043"},{"taxonomy":"product_cat","embeddable":true,"href":"https:\/\/www.jch.com.pe\/index.php?rest_route=%2Fwp%2Fv2%2Fproduct_cat&post=18043"},{"taxonomy":"product_tag","embeddable":true,"href":"https:\/\/www.jch.com.pe\/index.php?rest_route=%2Fwp%2Fv2%2Fproduct_tag&post=18043"}],"curies":[{"name":"wp","href":"https:\/\/api.w.org\/{rel}","templated":true}]}}