{"id":17955,"date":"2025-05-23T00:56:40","date_gmt":"2025-05-23T00:56:40","guid":{"rendered":"https:\/\/www.jch.com.pe\/?post_type=product&#038;p=17955"},"modified":"2025-05-23T01:00:29","modified_gmt":"2025-05-23T01:00:29","slug":"motores-trifasicos-ie3-8-polos-0-50hp-300hp-weg","status":"publish","type":"product","link":"https:\/\/www.jch.com.pe\/?product=motores-trifasicos-ie3-8-polos-0-50hp-300hp-weg","title":{"rendered":"MOTORES TRIF\u00c1SICOS &#8211; IE3 &#8211; 8 POLOS (0.50HP &#8211; 300HP) &#8211; WEG"},"content":{"rendered":"\t\t<div data-elementor-type=\"wp-post\" data-elementor-id=\"17955\" class=\"elementor elementor-17955\" data-elementor-post-type=\"product\">\n\t\t\t\t<div class=\"wd-negative-gap elementor-element elementor-element-c70fe3d e-flex e-con-boxed e-con e-parent\" data-id=\"c70fe3d\" data-element_type=\"container\" data-e-type=\"container\">\n\t\t\t\t\t<div class=\"e-con-inner\">\n\t\t\t\t<div class=\"elementor-element elementor-element-2b1ddee elementor-widget elementor-widget-wd_text_block\" data-id=\"2b1ddee\" data-element_type=\"widget\" data-e-type=\"widget\" data-widget_type=\"wd_text_block.default\">\n\t\t\t\t<div class=\"elementor-widget-container\">\n\t\t\t\t\t\t\t<div class=\"wd-text-block reset-last-child text-left\">\n\t\t\t\n\t\t\t<p>Modelo W22 - Eficiencia y confiabilidad para la industria<\/p><p>Alto rendimiento con m\u00e1xima eficiencia de energ\u00eda, esto es el significado del nuevo motor el\u00e9ctrico WEG. Alto rendimiento y bajo costo de propiedad durante toda la vida \u00fatil del motor, han sido la base para el desarrollo del W22. Un dise\u00f1o creado para anticipar conceptos en rendimiento y ahorro de energ\u00eda.<\/p><p>POTENCIA:<br \/>desde 0.50HP hasta 300HP<br \/><strong>Marcas<\/strong>: weg<br \/><strong>Fases<\/strong>: trif\u00e1sico<br \/><strong>Polos<\/strong>: 8 polos<\/p>\n\t\t\t\t\t<\/div>\n\t\t\t\t\t\t<\/div>\n\t\t\t\t<\/div>\n\t\t\t\t\t<\/div>\n\t\t\t\t<\/div>\n\t\t\t\t<\/div>\n\t\t","protected":false},"excerpt":{"rendered":"<p>*A pedido<\/p>\n<p>Modelo W22 &#8211; Eficiencia y confiabilidad para la industria<br \/>\nAlto rendimiento con m\u00e1xima eficiencia de energ\u00eda, esto es el significado del nuevo motor el\u00e9ctrico WEG. Alto rendimiento y bajo costo de propiedad durante toda la vida \u00fatil del motor, han sido la base para el desarrollo del W22. Un dise\u00f1o creado para anticipar conceptos en rendimiento y ahorro de energ\u00eda.<br \/>\nPOTENCIA:<br \/>\ndesde 0.50HP hasta 300HP<\/p>\n<p><a class=\"whatsapp-btn\" href=\"https:\/\/wa.me\/+51992461432?text=\u00a1Hola!%20Estoy%20interesado%20en%20solicitar%20una%20cotizaci\u00f3n\" target=\"_blank\" rel=\"noopener\">\u00a1Cotiza ahora!<\/a><\/p>\n","protected":false},"featured_media":17956,"comment_status":"open","ping_status":"closed","template":"","meta":{"_joinchat":[]},"product_brand":[249],"product_cat":[245],"product_tag":[],"class_list":{"0":"post-17955","1":"product","2":"type-product","3":"status-publish","4":"has-post-thumbnail","6":"product_brand-weg","7":"product_cat-motores-electricos","9":"first","10":"instock","11":"shipping-taxable","12":"product-type-simple"},"_links":{"self":[{"href":"https:\/\/www.jch.com.pe\/index.php?rest_route=\/wp\/v2\/product\/17955","targetHints":{"allow":["GET"]}}],"collection":[{"href":"https:\/\/www.jch.com.pe\/index.php?rest_route=\/wp\/v2\/product"}],"about":[{"href":"https:\/\/www.jch.com.pe\/index.php?rest_route=\/wp\/v2\/types\/product"}],"replies":[{"embeddable":true,"href":"https:\/\/www.jch.com.pe\/index.php?rest_route=%2Fwp%2Fv2%2Fcomments&post=17955"}],"version-history":[{"count":4,"href":"https:\/\/www.jch.com.pe\/index.php?rest_route=\/wp\/v2\/product\/17955\/revisions"}],"predecessor-version":[{"id":17960,"href":"https:\/\/www.jch.com.pe\/index.php?rest_route=\/wp\/v2\/product\/17955\/revisions\/17960"}],"wp:featuredmedia":[{"embeddable":true,"href":"https:\/\/www.jch.com.pe\/index.php?rest_route=\/wp\/v2\/media\/17956"}],"wp:attachment":[{"href":"https:\/\/www.jch.com.pe\/index.php?rest_route=%2Fwp%2Fv2%2Fmedia&parent=17955"}],"wp:term":[{"taxonomy":"product_brand","embeddable":true,"href":"https:\/\/www.jch.com.pe\/index.php?rest_route=%2Fwp%2Fv2%2Fproduct_brand&post=17955"},{"taxonomy":"product_cat","embeddable":true,"href":"https:\/\/www.jch.com.pe\/index.php?rest_route=%2Fwp%2Fv2%2Fproduct_cat&post=17955"},{"taxonomy":"product_tag","embeddable":true,"href":"https:\/\/www.jch.com.pe\/index.php?rest_route=%2Fwp%2Fv2%2Fproduct_tag&post=17955"}],"curies":[{"name":"wp","href":"https:\/\/api.w.org\/{rel}","templated":true}]}}