{"id":17871,"date":"2025-05-23T00:07:30","date_gmt":"2025-05-23T00:07:30","guid":{"rendered":"https:\/\/www.jch.com.pe\/?post_type=product&#038;p=17871"},"modified":"2025-05-23T00:10:23","modified_gmt":"2025-05-23T00:10:23","slug":"motores-baldor-abb","status":"publish","type":"product","link":"https:\/\/www.jch.com.pe\/?product=motores-baldor-abb","title":{"rendered":"MOTORES (BALDOR) ABB"},"content":{"rendered":"\t\t<div data-elementor-type=\"wp-post\" data-elementor-id=\"17871\" class=\"elementor elementor-17871\" data-elementor-post-type=\"product\">\n\t\t\t\t<div class=\"wd-negative-gap elementor-element elementor-element-c70fe3d e-flex e-con-boxed e-con e-parent\" data-id=\"c70fe3d\" data-element_type=\"container\" data-e-type=\"container\">\n\t\t\t\t\t<div class=\"e-con-inner\">\n\t\t\t\t<div class=\"elementor-element elementor-element-2b1ddee elementor-widget elementor-widget-wd_text_block\" data-id=\"2b1ddee\" data-element_type=\"widget\" data-e-type=\"widget\" data-widget_type=\"wd_text_block.default\">\n\t\t\t\t<div class=\"elementor-widget-container\">\n\t\t\t\t\t\t\t<div class=\"wd-text-block reset-last-child text-left\">\n\t\t\t\n\t\t\t<div class=\"FS16PX aos-init aos-animate\" data-aos=\"fade-right\"><div class=\"FS16PX aos-init aos-animate\" data-aos=\"fade-right\">Los motores Baldor Reliance Super-E\u00ae para ambientes severos est\u00e1n dise\u00f1ados y fabricados para cumplir y exceder las normas m\u00e1s estrictas para servicio bajo condiciones rigurosas. Usted podr\u00e1 encontrar motores Baldor Reliance para ambientes severos trabajando duro en todo el mundo en las condiciones m\u00e1s brutales imaginables, tales como en las industrias petroqu\u00edmicas y de pulpa y papel, y las operaciones mineras.<\/div><div class=\"FS16PX TablaFiltrosTitulo\"><div class=\"TablaFiltrosTituloAncho\"><div><strong>Marcas<\/strong>: abb<\/div><\/div><\/div><div class=\"FS16PX TablaFiltrosTitulo\"><div class=\"TablaFiltrosTituloAncho\"><div><strong>Fases<\/strong>: monof\u00e1sico, trif\u00e1sico<\/div><\/div><\/div><div class=\"FS16PX TablaFiltrosTitulo\"><div class=\"TablaFiltrosTituloAncho\"><div><strong>Polos<\/strong>: 2 polos, 4 polos, 6 polos, 8 polos<\/div><\/div><\/div><div class=\"FS16PX aos-init aos-animate\" data-aos=\"fade-right\">\u00a0<\/div><\/div><div class=\"FS16PX TablaFiltrosTitulo\"><div class=\"TablaFiltrosTituloAncho\">\u00a0<\/div><\/div>\n\t\t\t\t\t<\/div>\n\t\t\t\t\t\t<\/div>\n\t\t\t\t<\/div>\n\t\t\t\t\t<\/div>\n\t\t\t\t<\/div>\n\t\t\t\t<\/div>\n\t\t","protected":false},"excerpt":{"rendered":"<p>Los motores Baldor Reliance Super-E\u00ae para ambientes severos est\u00e1n dise\u00f1ados y fabricados para cumplir y exceder las normas m\u00e1s estrictas para servicio bajo condiciones rigurosas. Usted podr\u00e1 encontrar motores Baldor Reliance para ambientes severos trabajando duro en todo el mundo en las condiciones m\u00e1s brutales imaginables, tales como en las industrias petroqu\u00edmicas y de pulpa y papel, y las operaciones mineras.<\/p>\n<p><a class=\"whatsapp-btn\" href=\"https:\/\/wa.me\/+51992461432?text=\u00a1Hola!%20Estoy%20interesado%20en%20solicitar%20una%20cotizaci\u00f3n\" target=\"_blank\" rel=\"noopener\">\u00a1Cotiza ahora!<\/a><\/p>\n","protected":false},"featured_media":17872,"comment_status":"open","ping_status":"closed","template":"","meta":{"_joinchat":[]},"product_brand":[267],"product_cat":[245],"product_tag":[],"class_list":{"0":"post-17871","1":"product","2":"type-product","3":"status-publish","4":"has-post-thumbnail","6":"product_brand-abb","7":"product_cat-motores-electricos","9":"first","10":"instock","11":"shipping-taxable","12":"product-type-simple"},"_links":{"self":[{"href":"https:\/\/www.jch.com.pe\/index.php?rest_route=\/wp\/v2\/product\/17871","targetHints":{"allow":["GET"]}}],"collection":[{"href":"https:\/\/www.jch.com.pe\/index.php?rest_route=\/wp\/v2\/product"}],"about":[{"href":"https:\/\/www.jch.com.pe\/index.php?rest_route=\/wp\/v2\/types\/product"}],"replies":[{"embeddable":true,"href":"https:\/\/www.jch.com.pe\/index.php?rest_route=%2Fwp%2Fv2%2Fcomments&post=17871"}],"version-history":[{"count":4,"href":"https:\/\/www.jch.com.pe\/index.php?rest_route=\/wp\/v2\/product\/17871\/revisions"}],"predecessor-version":[{"id":17879,"href":"https:\/\/www.jch.com.pe\/index.php?rest_route=\/wp\/v2\/product\/17871\/revisions\/17879"}],"wp:featuredmedia":[{"embeddable":true,"href":"https:\/\/www.jch.com.pe\/index.php?rest_route=\/wp\/v2\/media\/17872"}],"wp:attachment":[{"href":"https:\/\/www.jch.com.pe\/index.php?rest_route=%2Fwp%2Fv2%2Fmedia&parent=17871"}],"wp:term":[{"taxonomy":"product_brand","embeddable":true,"href":"https:\/\/www.jch.com.pe\/index.php?rest_route=%2Fwp%2Fv2%2Fproduct_brand&post=17871"},{"taxonomy":"product_cat","embeddable":true,"href":"https:\/\/www.jch.com.pe\/index.php?rest_route=%2Fwp%2Fv2%2Fproduct_cat&post=17871"},{"taxonomy":"product_tag","embeddable":true,"href":"https:\/\/www.jch.com.pe\/index.php?rest_route=%2Fwp%2Fv2%2Fproduct_tag&post=17871"}],"curies":[{"name":"wp","href":"https:\/\/api.w.org\/{rel}","templated":true}]}}