{"id":17800,"date":"2025-05-22T14:48:03","date_gmt":"2025-05-22T14:48:03","guid":{"rendered":"https:\/\/www.jch.com.pe\/?post_type=product&#038;p=17800"},"modified":"2025-05-22T14:49:48","modified_gmt":"2025-05-22T14:49:48","slug":"variador-de-velocidad-weg-cfw900","status":"publish","type":"product","link":"https:\/\/www.jch.com.pe\/?product=variador-de-velocidad-weg-cfw900","title":{"rendered":"VARIADOR DE VELOCIDAD WEG CFW900"},"content":{"rendered":"\t\t<div data-elementor-type=\"wp-post\" data-elementor-id=\"17800\" class=\"elementor elementor-17800\" data-elementor-post-type=\"product\">\n\t\t\t\t<div class=\"wd-negative-gap elementor-element elementor-element-c70fe3d e-flex e-con-boxed e-con e-parent\" data-id=\"c70fe3d\" data-element_type=\"container\" data-e-type=\"container\">\n\t\t\t\t\t<div class=\"e-con-inner\">\n\t\t\t\t<div class=\"elementor-element elementor-element-2b1ddee elementor-widget elementor-widget-wd_text_block\" data-id=\"2b1ddee\" data-element_type=\"widget\" data-e-type=\"widget\" data-widget_type=\"wd_text_block.default\">\n\t\t\t\t<div class=\"elementor-widget-container\">\n\t\t\t\t\t\t\t<div class=\"wd-text-block reset-last-child text-left\">\n\t\t\t\n\t\t\t<div class=\"FS16PX aos-init aos-animate\" data-aos=\"fade-right\"><ul><li>Tensi\u00f3n de alimentaci\u00f3n:<ul><li>200 a 240 V trif\u00e1sicos: corriente de salida de 4,6 a 250 A (1,1 a 110 kW - 1,5 a 150 cv);<\/li><li>200 a 240 V trif\u00e1sicos: corriente de salida de 4,6 a 370 A (1,1 a 110 kW - 1,5 a 150 cv);<\/li><li>380 a 480 V trif\u00e1sico: corriente de salida 2,8 a 760 A (1,1 a 440 kW - 1,5 a 550 cv).<\/li><li>500 a 600 V trif\u00e1sico: corriente de salida 2,9 a 54 A (1,5 a 37 kW - 2 a 50 cv).<\/li><\/ul><\/li><\/ul><ul><li>Tama\u00f1o reducido para aprovechar mejor el espacio del panel;<\/li><li>Puerto USB incorporado en la HMI;<\/li><li>Mayor capacidad de procesamiento;<\/li><li>Posibilidad de ampliar la memoria con una tarjeta MicroSD de 8GB con temperatura industrial;<\/li><li>Producto IoT - Preparado con el protocolo MQTT en el producto est\u00e1ndar;<\/li><li>Clasificaci\u00f3n de eficiencia IE2 (IE C 61800-9-2 \/ EN 50598-2);<\/li><li>Funciones STO (Safe Torque Off) y SS1-t (Safe Stop 1 time controlled) integradas;<\/li><\/ul><div class=\"FS16PX aos-init aos-animate\" data-aos=\"fade-right\"><span style=\"font-size: 14px; background-color: transparent;\">\u00a0<\/span><\/div><\/div><div class=\"FS16PX TablaFiltrosTitulo\"><div class=\"TablaFiltrosTituloAncho\">\u00a0<\/div><\/div>\n\t\t\t\t\t<\/div>\n\t\t\t\t\t\t<\/div>\n\t\t\t\t<\/div>\n\t\t\t\t\t<\/div>\n\t\t\t\t<\/div>\n\t\t\t\t<\/div>\n\t\t","protected":false},"excerpt":{"rendered":"<p>El CFW900 es un convertidor de frecuencia de alta tecnolog\u00eda para el accionamiento y el control de motores trif\u00e1sicos de inducci\u00f3n y de imanes permanentes. Presenta excelente performance est\u00e1tica y din\u00e1mica, alta precisi\u00f3n en el control de torque, velocidad y posicionamiento. Puede ser utilizado en una gran variedad de aplicaciones, debido a su alta capacidad de sobrecarga. En virtud de su tecnolog\u00eda, el convertidor CFW900 proporciona ahorro de energ\u00eda, seguridad, aumento de productividad y calidad en la red de procesos en que es implantado.<\/p>\n<p><a class=\"whatsapp-btn\" href=\"https:\/\/wa.me\/+51992461432?text=\u00a1Hola!%20Estoy%20interesado%20en%20solicitar%20una%20cotizaci\u00f3n\" target=\"_blank\" rel=\"noopener\">\u00a1Cotiza ahora!<\/a><\/p>\n","protected":false},"featured_media":17801,"comment_status":"open","ping_status":"closed","template":"","meta":{"_joinchat":[]},"product_brand":[249],"product_cat":[247],"product_tag":[],"class_list":{"0":"post-17800","1":"product","2":"type-product","3":"status-publish","4":"has-post-thumbnail","6":"product_brand-weg","7":"product_cat-variadores-de-velocidad","9":"first","10":"instock","11":"shipping-taxable","12":"product-type-simple"},"_links":{"self":[{"href":"https:\/\/www.jch.com.pe\/index.php?rest_route=\/wp\/v2\/product\/17800","targetHints":{"allow":["GET"]}}],"collection":[{"href":"https:\/\/www.jch.com.pe\/index.php?rest_route=\/wp\/v2\/product"}],"about":[{"href":"https:\/\/www.jch.com.pe\/index.php?rest_route=\/wp\/v2\/types\/product"}],"replies":[{"embeddable":true,"href":"https:\/\/www.jch.com.pe\/index.php?rest_route=%2Fwp%2Fv2%2Fcomments&post=17800"}],"version-history":[{"count":4,"href":"https:\/\/www.jch.com.pe\/index.php?rest_route=\/wp\/v2\/product\/17800\/revisions"}],"predecessor-version":[{"id":17806,"href":"https:\/\/www.jch.com.pe\/index.php?rest_route=\/wp\/v2\/product\/17800\/revisions\/17806"}],"wp:featuredmedia":[{"embeddable":true,"href":"https:\/\/www.jch.com.pe\/index.php?rest_route=\/wp\/v2\/media\/17801"}],"wp:attachment":[{"href":"https:\/\/www.jch.com.pe\/index.php?rest_route=%2Fwp%2Fv2%2Fmedia&parent=17800"}],"wp:term":[{"taxonomy":"product_brand","embeddable":true,"href":"https:\/\/www.jch.com.pe\/index.php?rest_route=%2Fwp%2Fv2%2Fproduct_brand&post=17800"},{"taxonomy":"product_cat","embeddable":true,"href":"https:\/\/www.jch.com.pe\/index.php?rest_route=%2Fwp%2Fv2%2Fproduct_cat&post=17800"},{"taxonomy":"product_tag","embeddable":true,"href":"https:\/\/www.jch.com.pe\/index.php?rest_route=%2Fwp%2Fv2%2Fproduct_tag&post=17800"}],"curies":[{"name":"wp","href":"https:\/\/api.w.org\/{rel}","templated":true}]}}