{"id":17399,"date":"2025-05-21T14:23:52","date_gmt":"2025-05-21T14:23:52","guid":{"rendered":"https:\/\/www.jch.com.pe\/?post_type=product&#038;p=17399"},"modified":"2025-05-21T14:26:10","modified_gmt":"2025-05-21T14:26:10","slug":"sinamics-modular-siemens","status":"publish","type":"product","link":"https:\/\/www.jch.com.pe\/?product=sinamics-modular-siemens","title":{"rendered":"SINAMICS MODULAR &#8211; SIEMENS"},"content":{"rendered":"\t\t<div data-elementor-type=\"wp-post\" data-elementor-id=\"17399\" class=\"elementor elementor-17399\" data-elementor-post-type=\"product\">\n\t\t\t\t<div class=\"wd-negative-gap elementor-element elementor-element-c70fe3d e-flex e-con-boxed e-con e-parent\" data-id=\"c70fe3d\" data-element_type=\"container\" data-e-type=\"container\">\n\t\t\t\t\t<div class=\"e-con-inner\">\n\t\t\t\t<div class=\"elementor-element elementor-element-2b1ddee elementor-widget elementor-widget-wd_text_block\" data-id=\"2b1ddee\" data-element_type=\"widget\" data-e-type=\"widget\" data-widget_type=\"wd_text_block.default\">\n\t\t\t\t<div class=\"elementor-widget-container\">\n\t\t\t\t\t\t\t<div class=\"wd-text-block reset-last-child text-left\">\n\t\t\t\n\t\t\t<div class=\"FS16PX aos-init aos-animate\" data-aos=\"fade-right\"><p><span style=\"color: #000000; font-family: Poppins, Arial, Helvetica, sans-serif; font-size: 16px; font-style: normal; font-variant-ligatures: normal; font-variant-caps: normal; font-weight: 400; white-space-collapse: collapse;\">Variadores de frecuencia Sinamics G120C especialmente compacto para la mayor parte de las aplicaciones industriales de velocidad variable, funci\u00f3n de seguridad, ahorro de energ\u00eda integrada, memory card opcional, comunicaci\u00f3n PROFIBUS DP, PROFINET \u2013 Ethernet\/IP, USS\/MODBUS RTU y CANopen.<\/span><br style=\"color: #000000; font-family: Poppins, Arial, Helvetica, sans-serif; font-size: 16px; white-space-collapse: collapse;\" \/><span style=\"color: #000000; font-family: Poppins, Arial, Helvetica, sans-serif; font-size: 16px; font-style: normal; font-variant-ligatures: normal; font-variant-caps: normal; font-weight: 400; white-space-collapse: collapse;\">Variadores de frecuencia Sinamics G120C especialmente compacto para la mayor parte de las aplicaciones industriales de velocidad variable, funci\u00f3n de seguridad, ahorro de energ\u00eda integrada, memory card opcional, comunicaci\u00f3n PROFIBUS DP, PROFINET \u2013 Ethernet\/IP, USS\/MODBUS RTU y CANopen.<\/span><br style=\"color: #000000; font-family: Poppins, Arial, Helvetica, sans-serif; font-size: 16px; white-space-collapse: collapse;\" \/><span style=\"color: #000000; font-family: Poppins, Arial, Helvetica, sans-serif; font-size: 16px; font-style: normal; font-variant-ligatures: normal; font-variant-caps: normal; font-weight: 400; white-space-collapse: collapse;\">Tensi\u00f3n de alimentaci\u00f3n: 3AC 380-480 V +10 % -20 %<\/span><br style=\"color: #000000; font-family: Poppins, Arial, Helvetica, sans-serif; font-size: 16px; white-space-collapse: collapse;\" \/><span style=\"color: #000000; font-family: Poppins, Arial, Helvetica, sans-serif; font-size: 16px; font-style: normal; font-variant-ligatures: normal; font-variant-caps: normal; font-weight: 400; white-space-collapse: collapse;\">Frecuencia de Salida: En control V\/F: 0-650 Hz, En control vectorial: 0-240Hz, resoluci\u00f3n 0.01 Hz, Tipo de protecci\u00f3n:IP20<\/span><br style=\"color: #000000; font-family: Poppins, Arial, Helvetica, sans-serif; font-size: 16px; white-space-collapse: collapse;\" \/><span style=\"color: #000000; font-family: Poppins, Arial, Helvetica, sans-serif; font-size: 16px; font-style: normal; font-variant-ligatures: normal; font-variant-caps: normal; font-weight: 400; white-space-collapse: collapse;\">Temperatura de operaci\u00f3n m\u00e1xima: 0 a 40 \u00baC y de 40 a 60\u00baC con derrateo Factor de Sobrecarga: 150% durante 57 seg en ciclos de 300 seg. Modo de control: V\/F, V\/F ECO, Control vectorial de velocidad sin encoder Entradas digitales: 6<\/span><br style=\"color: #000000; font-family: Poppins, Arial, Helvetica, sans-serif; font-size: 16px; white-space-collapse: collapse;\" \/><span style=\"color: #000000; font-family: Poppins, Arial, Helvetica, sans-serif; font-size: 16px; font-style: normal; font-variant-ligatures: normal; font-variant-caps: normal; font-weight: 400; white-space-collapse: collapse;\">Salidas digitales: 2<\/span><\/p><div class=\"FS16PX aos-init aos-animate\" data-aos=\"fade-right\"><span style=\"color: #000000; font-family: Poppins, Arial, Helvetica, sans-serif; font-size: 16px; font-style: normal; font-variant-ligatures: normal; font-variant-caps: normal; font-weight: 400; white-space-collapse: collapse; background-color: transparent;\">Entradas an\u00e1logas: 1 de -10-10 VDC \u00f3 de 0-20mA Salidas an\u00e1logas: 1 de 0-10 VDC<\/span><span style=\"font-size: 14px; background-color: transparent;\">\u00a0<\/span><\/div><\/div><div class=\"FS16PX TablaFiltrosTitulo\"><div class=\"TablaFiltrosTituloAncho\">\u00a0<\/div><\/div>\n\t\t\t\t\t<\/div>\n\t\t\t\t\t\t<\/div>\n\t\t\t\t<\/div>\n\t\t\t\t\t<\/div>\n\t\t\t\t<\/div>\n\t\t\t\t<\/div>\n\t\t","protected":false},"excerpt":{"rendered":"<p>Sinamics G120 es un variador modular, que permite mayor flexibilidad para cualquier tipo de aplicaci\u00f3n. Se componen de la Unidad de Control (CU) y el M\u00f3dulo de potencia (PM), los cuales se pueden seleccionar y combinar libremente, seg\u00fan los requerimientos de la aplicaci\u00f3n, funciones de seguridad, ahorro de energ\u00eda integrada, memory card opcional, comunicaci\u00f3n PROFIBUS DP, PROFINET &#8211; Ethernet\/IP, USS\/ MODBUS RTU, BACnet MS\/TP y CANopen.<\/p>\n<p><a class=\"whatsapp-btn\" href=\"https:\/\/wa.me\/+51992461432?text=\u00a1Hola!%20Estoy%20interesado%20en%20solicitar%20una%20cotizaci\u00f3n\" target=\"_blank\" rel=\"noopener\">\u00a1Cotiza ahora!<\/a><\/p>\n","protected":false},"featured_media":17400,"comment_status":"open","ping_status":"closed","template":"","meta":{"_joinchat":[]},"product_brand":[253],"product_cat":[247],"product_tag":[],"class_list":{"0":"post-17399","1":"product","2":"type-product","3":"status-publish","4":"has-post-thumbnail","6":"product_brand-siemens","7":"product_cat-variadores-de-velocidad","9":"first","10":"instock","11":"shipping-taxable","12":"product-type-simple"},"_links":{"self":[{"href":"https:\/\/www.jch.com.pe\/index.php?rest_route=\/wp\/v2\/product\/17399","targetHints":{"allow":["GET"]}}],"collection":[{"href":"https:\/\/www.jch.com.pe\/index.php?rest_route=\/wp\/v2\/product"}],"about":[{"href":"https:\/\/www.jch.com.pe\/index.php?rest_route=\/wp\/v2\/types\/product"}],"replies":[{"embeddable":true,"href":"https:\/\/www.jch.com.pe\/index.php?rest_route=%2Fwp%2Fv2%2Fcomments&post=17399"}],"version-history":[{"count":5,"href":"https:\/\/www.jch.com.pe\/index.php?rest_route=\/wp\/v2\/product\/17399\/revisions"}],"predecessor-version":[{"id":17405,"href":"https:\/\/www.jch.com.pe\/index.php?rest_route=\/wp\/v2\/product\/17399\/revisions\/17405"}],"wp:featuredmedia":[{"embeddable":true,"href":"https:\/\/www.jch.com.pe\/index.php?rest_route=\/wp\/v2\/media\/17400"}],"wp:attachment":[{"href":"https:\/\/www.jch.com.pe\/index.php?rest_route=%2Fwp%2Fv2%2Fmedia&parent=17399"}],"wp:term":[{"taxonomy":"product_brand","embeddable":true,"href":"https:\/\/www.jch.com.pe\/index.php?rest_route=%2Fwp%2Fv2%2Fproduct_brand&post=17399"},{"taxonomy":"product_cat","embeddable":true,"href":"https:\/\/www.jch.com.pe\/index.php?rest_route=%2Fwp%2Fv2%2Fproduct_cat&post=17399"},{"taxonomy":"product_tag","embeddable":true,"href":"https:\/\/www.jch.com.pe\/index.php?rest_route=%2Fwp%2Fv2%2Fproduct_tag&post=17399"}],"curies":[{"name":"wp","href":"https:\/\/api.w.org\/{rel}","templated":true}]}}