{"id":17264,"date":"2025-05-21T03:10:32","date_gmt":"2025-05-21T03:10:32","guid":{"rendered":"https:\/\/www.jch.com.pe\/?post_type=product&#038;p=17264"},"modified":"2025-05-21T03:14:23","modified_gmt":"2025-05-21T03:14:23","slug":"micromaster-420-siemens","status":"publish","type":"product","link":"https:\/\/www.jch.com.pe\/?product=micromaster-420-siemens","title":{"rendered":"MICROMASTER 420 &#8211; SIEMENS"},"content":{"rendered":"\t\t<div data-elementor-type=\"wp-post\" data-elementor-id=\"17264\" class=\"elementor elementor-17264\" data-elementor-post-type=\"product\">\n\t\t\t\t<div class=\"wd-negative-gap elementor-element elementor-element-c70fe3d e-flex e-con-boxed e-con e-parent\" data-id=\"c70fe3d\" data-element_type=\"container\" data-e-type=\"container\">\n\t\t\t\t\t<div class=\"e-con-inner\">\n\t\t\t\t<div class=\"elementor-element elementor-element-2b1ddee elementor-widget elementor-widget-wd_text_block\" data-id=\"2b1ddee\" data-element_type=\"widget\" data-e-type=\"widget\" data-widget_type=\"wd_text_block.default\">\n\t\t\t\t<div class=\"elementor-widget-container\">\n\t\t\t\t\t\t\t<div class=\"wd-text-block reset-last-child text-left\">\n\t\t\t\n\t\t\t<div class=\"FS16PX aos-init aos-animate\" data-aos=\"fade-right\"><p>Variadores de frecuencia Micromaster MM4 serie con m\u00e1s potencias, m\u00e1s rendimiento y para mayor cantidad de aplicaciones. El variador MIcromaster MM4 cuenta con control V\/F, FCC y control vectorial, chopper de freno incorporado, comunicaci\u00f3n PROFIBUS DP, DeviceNet y CANopen.<br \/>Tensi\u00f3n de alimentaci\u00f3n: 2AC?AC 200-240 V +\/- 10% 3AC 380-480 V +\/- 10%<br \/>Frecuencia de Salida: En control V\/f: 0-650 Hz, En control vectorial: 0-267Hz, resoluci\u00f3n 0.01 Hz<br \/>Tipo de protecci\u00f3n: IP20<br \/>Temperatura de operaci\u00f3n m\u00e1xima: M\u00e1xima 50 \u00baC<br \/>Factor de Sobrecarga: 150% durante 60 seg. (MM420 y MM440) 200% durante 3 seg. (MM440)<br \/>Modo de control: V\/F, FCC, control vectorial de velocidad y torque<\/p><\/div><div class=\"FS16PX TablaFiltrosTitulo\"><div class=\"TablaFiltrosTituloAncho\">\u00a0<\/div><\/div>\n\t\t\t\t\t<\/div>\n\t\t\t\t\t\t<\/div>\n\t\t\t\t<\/div>\n\t\t\t\t\t<\/div>\n\t\t\t\t<\/div>\n\t\t\t\t<\/div>\n\t\t","protected":false},"excerpt":{"rendered":"<p>Variadores de frecuencia Micromaster MM4 serie con m\u00e1s potencias, m\u00e1s rendimiento y para mayor cantidad de aplicaciones. El variador MIcromaster MM4 cuenta con control V\/F, FCC y control vectorial, chopper de freno incorporado, comunicaci\u00f3n PROFIBUS DP, DeviceNet y CANopen.<\/p>\n<p>Tensi\u00f3n de alimentaci\u00f3n: 2AC?AC 200-240 V +\/- 10% 3AC 380-480 V +\/- 10%<\/p>\n<p>Frecuencia de Salida: En control V\/f: 0-650 Hz, En control vectorial: 0-267Hz, resoluci\u00f3n 0.01 Hz<\/p>\n<p>Tipo de protecci\u00f3n: IP20<br \/>\nTemperatura de operaci\u00f3n m\u00e1xima: M\u00e1xima 50 \u00baC<br \/>\nFactor de Sobrecarga: 150% durante 60 seg. (MM420 y MM440) 200% durante 3 seg. (MM440)<br \/>\nModo de control: V\/F, FCC, control vectorial de velocidad y torque<\/p>\n<p><a class=\"whatsapp-btn\" href=\"https:\/\/wa.me\/+51992461432?text=\u00a1Hola!%20Estoy%20interesado%20en%20solicitar%20una%20cotizaci\u00f3n\" target=\"_blank\" rel=\"noopener\">\u00a1Cotiza ahora!<\/a><\/p>\n","protected":false},"featured_media":17267,"comment_status":"open","ping_status":"closed","template":"","meta":{"_joinchat":[]},"product_brand":[253],"product_cat":[247],"product_tag":[],"class_list":{"0":"post-17264","1":"product","2":"type-product","3":"status-publish","4":"has-post-thumbnail","6":"product_brand-siemens","7":"product_cat-variadores-de-velocidad","9":"first","10":"instock","11":"shipping-taxable","12":"product-type-simple"},"_links":{"self":[{"href":"https:\/\/www.jch.com.pe\/index.php?rest_route=\/wp\/v2\/product\/17264","targetHints":{"allow":["GET"]}}],"collection":[{"href":"https:\/\/www.jch.com.pe\/index.php?rest_route=\/wp\/v2\/product"}],"about":[{"href":"https:\/\/www.jch.com.pe\/index.php?rest_route=\/wp\/v2\/types\/product"}],"replies":[{"embeddable":true,"href":"https:\/\/www.jch.com.pe\/index.php?rest_route=%2Fwp%2Fv2%2Fcomments&post=17264"}],"version-history":[{"count":5,"href":"https:\/\/www.jch.com.pe\/index.php?rest_route=\/wp\/v2\/product\/17264\/revisions"}],"predecessor-version":[{"id":17272,"href":"https:\/\/www.jch.com.pe\/index.php?rest_route=\/wp\/v2\/product\/17264\/revisions\/17272"}],"wp:featuredmedia":[{"embeddable":true,"href":"https:\/\/www.jch.com.pe\/index.php?rest_route=\/wp\/v2\/media\/17267"}],"wp:attachment":[{"href":"https:\/\/www.jch.com.pe\/index.php?rest_route=%2Fwp%2Fv2%2Fmedia&parent=17264"}],"wp:term":[{"taxonomy":"product_brand","embeddable":true,"href":"https:\/\/www.jch.com.pe\/index.php?rest_route=%2Fwp%2Fv2%2Fproduct_brand&post=17264"},{"taxonomy":"product_cat","embeddable":true,"href":"https:\/\/www.jch.com.pe\/index.php?rest_route=%2Fwp%2Fv2%2Fproduct_cat&post=17264"},{"taxonomy":"product_tag","embeddable":true,"href":"https:\/\/www.jch.com.pe\/index.php?rest_route=%2Fwp%2Fv2%2Fproduct_tag&post=17264"}],"curies":[{"name":"wp","href":"https:\/\/api.w.org\/{rel}","templated":true}]}}