{"id":17252,"date":"2025-05-21T03:04:20","date_gmt":"2025-05-21T03:04:20","guid":{"rendered":"https:\/\/www.jch.com.pe\/?post_type=product&#038;p=17252"},"modified":"2025-05-21T03:06:37","modified_gmt":"2025-05-21T03:06:37","slug":"variador-de-velocidad-weg-cfw300","status":"publish","type":"product","link":"https:\/\/www.jch.com.pe\/?product=variador-de-velocidad-weg-cfw300","title":{"rendered":"VARIADOR DE VELOCIDAD WEG CFW300"},"content":{"rendered":"\t\t<div data-elementor-type=\"wp-post\" data-elementor-id=\"17252\" class=\"elementor elementor-17252\" data-elementor-post-type=\"product\">\n\t\t\t\t<div class=\"wd-negative-gap elementor-element elementor-element-c70fe3d e-flex e-con-boxed e-con e-parent\" data-id=\"c70fe3d\" data-element_type=\"container\" data-e-type=\"container\">\n\t\t\t\t\t<div class=\"e-con-inner\">\n\t\t\t\t<div class=\"elementor-element elementor-element-2b1ddee elementor-widget elementor-widget-wd_text_block\" data-id=\"2b1ddee\" data-element_type=\"widget\" data-e-type=\"widget\" data-widget_type=\"wd_text_block.default\">\n\t\t\t\t<div class=\"elementor-widget-container\">\n\t\t\t\t\t\t\t<div class=\"wd-text-block reset-last-child text-left\">\n\t\t\t\n\t\t\t<div class=\"FS16PX aos-init aos-animate\" data-aos=\"fade-right\"><span style=\"color: rgb(0, 0, 0); font-family: Play, sans-serif; font-size: 16px; font-style: normal; font-variant-ligatures: normal; font-variant-caps: normal; font-weight: 400; white-space-collapse: collapse;\">El convertidor de frecuencia CFW300 es un accionamiento de alta performance desarrollado para el control de variaci\u00f3n de velocidad de motores de inducci\u00f3n trif\u00e1sicos, ideal para aplicaciones en m\u00e1quinas o equipos que necesitan control preciso y facilidad de operaci\u00f3n.<\/span><br style=\"padding: 0px; margin: 0px; color: rgb(0, 0, 0); font-family: Play, sans-serif; font-size: 16px; white-space-collapse: collapse;\"><br style=\"padding: 0px; margin: 0px; color: rgb(0, 0, 0); font-family: Play, sans-serif; font-size: 16px; white-space-collapse: collapse;\"><p><span style=\"color: rgb(0, 0, 0); font-family: Play, sans-serif; font-size: 16px; font-style: normal; font-variant-ligatures: normal; font-variant-caps: normal; font-weight: 400; white-space-collapse: collapse; background-color: transparent;\">Posee tama\u00f1o compacto, instalaci\u00f3n el\u00e9ctrica similar a contactores, control vectorial WEG (VVW) o escalar (V\/F) seleccionable, interfaz de operaci\u00f3n (HMI) incorporada, SoftPLC, software de programaci\u00f3n WPS gratuito, y accesorios tipo plug-in que pueden ser incorporados al variador, agregando m\u00e1s funcionalidade y proporcionando una soluci\u00f3n flexible con excelente costo beneficio.<\/span><span style=\"background-color: transparent; font-size: 14px;\">&nbsp;<\/span><\/p><\/div><div class=\"FS16PX TablaFiltrosTitulo\"><div class=\"TablaFiltrosTituloAncho\">&nbsp;<\/div><\/div>\n\t\t\t\t\t<\/div>\n\t\t\t\t\t\t<\/div>\n\t\t\t\t<\/div>\n\t\t\t\t\t<\/div>\n\t\t\t\t<\/div>\n\t\t\t\t<\/div>\n\t\t","protected":false},"excerpt":{"rendered":"<p>Tensi\u00f3n de alimentaci\u00f3n monof\u00e1sica y trif\u00e1sica.<\/p>\n<p>Tama\u00f1o compacto<\/p>\n<p><a class=\"whatsapp-btn\" href=\"https:\/\/wa.me\/+51992461432?text=\u00a1Hola!%20Estoy%20interesado%20en%20solicitar%20una%20cotizaci\u00f3n\" target=\"_blank\" rel=\"noopener\">\u00a1Cotiza ahora!<\/a><\/p>\n","protected":false},"featured_media":17253,"comment_status":"open","ping_status":"closed","template":"","meta":{"_joinchat":[]},"product_brand":[249],"product_cat":[247],"product_tag":[],"class_list":{"0":"post-17252","1":"product","2":"type-product","3":"status-publish","4":"has-post-thumbnail","6":"product_brand-weg","7":"product_cat-variadores-de-velocidad","9":"first","10":"instock","11":"shipping-taxable","12":"product-type-simple"},"_links":{"self":[{"href":"https:\/\/www.jch.com.pe\/index.php?rest_route=\/wp\/v2\/product\/17252","targetHints":{"allow":["GET"]}}],"collection":[{"href":"https:\/\/www.jch.com.pe\/index.php?rest_route=\/wp\/v2\/product"}],"about":[{"href":"https:\/\/www.jch.com.pe\/index.php?rest_route=\/wp\/v2\/types\/product"}],"replies":[{"embeddable":true,"href":"https:\/\/www.jch.com.pe\/index.php?rest_route=%2Fwp%2Fv2%2Fcomments&post=17252"}],"version-history":[{"count":4,"href":"https:\/\/www.jch.com.pe\/index.php?rest_route=\/wp\/v2\/product\/17252\/revisions"}],"predecessor-version":[{"id":17257,"href":"https:\/\/www.jch.com.pe\/index.php?rest_route=\/wp\/v2\/product\/17252\/revisions\/17257"}],"wp:featuredmedia":[{"embeddable":true,"href":"https:\/\/www.jch.com.pe\/index.php?rest_route=\/wp\/v2\/media\/17253"}],"wp:attachment":[{"href":"https:\/\/www.jch.com.pe\/index.php?rest_route=%2Fwp%2Fv2%2Fmedia&parent=17252"}],"wp:term":[{"taxonomy":"product_brand","embeddable":true,"href":"https:\/\/www.jch.com.pe\/index.php?rest_route=%2Fwp%2Fv2%2Fproduct_brand&post=17252"},{"taxonomy":"product_cat","embeddable":true,"href":"https:\/\/www.jch.com.pe\/index.php?rest_route=%2Fwp%2Fv2%2Fproduct_cat&post=17252"},{"taxonomy":"product_tag","embeddable":true,"href":"https:\/\/www.jch.com.pe\/index.php?rest_route=%2Fwp%2Fv2%2Fproduct_tag&post=17252"}],"curies":[{"name":"wp","href":"https:\/\/api.w.org\/{rel}","templated":true}]}}