{"id":16968,"date":"2025-05-20T05:20:31","date_gmt":"2025-05-20T05:20:31","guid":{"rendered":"https:\/\/www.jch.com.pe\/?post_type=product&#038;p=16968"},"modified":"2025-05-23T05:31:22","modified_gmt":"2025-05-23T05:31:22","slug":"modulo-logo-8-3-siemens","status":"publish","type":"product","link":"https:\/\/www.jch.com.pe\/?product=modulo-logo-8-3-siemens","title":{"rendered":"M\u00d3DULO LOGO! 8.3 &#8211; SIEMENS"},"content":{"rendered":"\t\t<div data-elementor-type=\"wp-post\" data-elementor-id=\"16968\" class=\"elementor elementor-16968\" data-elementor-post-type=\"product\">\n\t\t\t\t<div class=\"wd-negative-gap elementor-element elementor-element-c70fe3d e-flex e-con-boxed e-con e-parent\" data-id=\"c70fe3d\" data-element_type=\"container\" data-e-type=\"container\">\n\t\t\t\t\t<div class=\"e-con-inner\">\n\t\t\t\t<div class=\"elementor-element elementor-element-2b1ddee elementor-widget elementor-widget-wd_text_block\" data-id=\"2b1ddee\" data-element_type=\"widget\" data-e-type=\"widget\" data-widget_type=\"wd_text_block.default\">\n\t\t\t\t<div class=\"elementor-widget-container\">\n\t\t\t\t\t\t\t<div class=\"wd-text-block reset-last-child text-left\">\n\t\t\t\n\t\t\t<div class=\"FS16PX aos-init aos-animate\" data-aos=\"fade-right\"><div class=\"FS16PX aos-init aos-animate\" data-aos=\"fade-right\"><b>SIEMENS LOGO 0BA6 SIMATIC Field PG M6 - PORT\u00c1TIL - SIEMENS<\/b><\/div><div class=\"FS16PX TablaFiltrosTitulo\"><div class=\"TablaFiltrosTituloAncho\">\u00a0<\/div><\/div><\/div><div class=\"FS16PX TablaFiltrosTitulo\"><div class=\"TablaFiltrosTituloAncho\">\u00a0<\/div><\/div>\n\t\t\t\t\t<\/div>\n\t\t\t\t\t\t<\/div>\n\t\t\t\t<\/div>\n\t\t\t\t\t<\/div>\n\t\t\t\t<\/div>\n\t\t\t\t<\/div>\n\t\t","protected":false},"excerpt":{"rendered":"<div class=\"W100 MGN10PX\">\n<div class=\"\">\n<div class=\"W100 MGN10PX\">\n<div class=\"FS16PX\">\n<div class=\"W100 MGN10PX\">\n<div class=\"FS16PX\">\n<div class=\"W100 MGN10PX\">\n<div class=\"FS16PX\">\n<div class=\"W100 MGN10PX\">\n<div class=\"FS16PX\">\n<div class=\"W100 MGN10PX\">\n<div class=\"FS16PX\">\n<div class=\"W100 MGN10PX\">\n<div class=\"\"><\/div>\n<div class=\"FS16PX\">M\u00f3dulos l\u00f3gicos b\u00e1sicos. Con posibilidad de expansi\u00f3n (DI: Digital Input &#8211; DO: Digital Output)<\/div>\n<\/div>\n<div class=\"W100 MGN10PX\">\n<div class=\"\"><\/div>\n<div class=\"FS16PX\">\u00abM\u00f3dulos de se\u00f1ales de expansi\u00f3n LOGO! Se\u00f1ales digitales (DI: Digital Input &#8211; DO: Digital Output)\u00bb<\/div>\n<\/div>\n<div class=\"W100 MGN10PX\">\n<div class=\"\"><\/div>\n<div class=\"FS16PX\">Se\u00f1ales anal\u00f3gicas (AI: Analog Input &#8211; AO: Analog Output)<\/div>\n<\/div>\n<\/div>\n<\/div>\n<\/div>\n<\/div>\n<\/div>\n<\/div>\n<\/div>\n<\/div>\n<\/div>\n<\/div>\n<\/div>\n<\/div>\n<p><a class=\"whatsapp-btn\" href=\"https:\/\/wa.me\/+51992461432?text=\u00a1Hola!%20Estoy%20interesado%20en%20solicitar%20una%20cotizaci\u00f3n\" target=\"_blank\" rel=\"noopener\">\u00a1Cotiza ahora!<\/a><\/p>\n","protected":false},"featured_media":16969,"comment_status":"open","ping_status":"closed","template":"","meta":{"_joinchat":[]},"product_brand":[253],"product_cat":[240],"product_tag":[],"class_list":{"0":"post-16968","1":"product","2":"type-product","3":"status-publish","4":"has-post-thumbnail","6":"product_brand-siemens","7":"product_cat-automatizacion-industrial","9":"first","10":"instock","11":"shipping-taxable","12":"product-type-simple"},"_links":{"self":[{"href":"https:\/\/www.jch.com.pe\/index.php?rest_route=\/wp\/v2\/product\/16968","targetHints":{"allow":["GET"]}}],"collection":[{"href":"https:\/\/www.jch.com.pe\/index.php?rest_route=\/wp\/v2\/product"}],"about":[{"href":"https:\/\/www.jch.com.pe\/index.php?rest_route=\/wp\/v2\/types\/product"}],"replies":[{"embeddable":true,"href":"https:\/\/www.jch.com.pe\/index.php?rest_route=%2Fwp%2Fv2%2Fcomments&post=16968"}],"version-history":[{"count":1,"href":"https:\/\/www.jch.com.pe\/index.php?rest_route=\/wp\/v2\/product\/16968\/revisions"}],"predecessor-version":[{"id":16970,"href":"https:\/\/www.jch.com.pe\/index.php?rest_route=\/wp\/v2\/product\/16968\/revisions\/16970"}],"wp:featuredmedia":[{"embeddable":true,"href":"https:\/\/www.jch.com.pe\/index.php?rest_route=\/wp\/v2\/media\/16969"}],"wp:attachment":[{"href":"https:\/\/www.jch.com.pe\/index.php?rest_route=%2Fwp%2Fv2%2Fmedia&parent=16968"}],"wp:term":[{"taxonomy":"product_brand","embeddable":true,"href":"https:\/\/www.jch.com.pe\/index.php?rest_route=%2Fwp%2Fv2%2Fproduct_brand&post=16968"},{"taxonomy":"product_cat","embeddable":true,"href":"https:\/\/www.jch.com.pe\/index.php?rest_route=%2Fwp%2Fv2%2Fproduct_cat&post=16968"},{"taxonomy":"product_tag","embeddable":true,"href":"https:\/\/www.jch.com.pe\/index.php?rest_route=%2Fwp%2Fv2%2Fproduct_tag&post=16968"}],"curies":[{"name":"wp","href":"https:\/\/api.w.org\/{rel}","templated":true}]}}