{"id":16947,"date":"2025-05-20T04:57:04","date_gmt":"2025-05-20T04:57:04","guid":{"rendered":"https:\/\/www.jch.com.pe\/?post_type=product&#038;p=16947"},"modified":"2025-05-20T04:59:40","modified_gmt":"2025-05-20T04:59:40","slug":"control-de-procesos-weg-copia","status":"publish","type":"product","link":"https:\/\/www.jch.com.pe\/?product=control-de-procesos-weg-copia","title":{"rendered":"Control de Procesos &#8211; WEG (copia)"},"content":{"rendered":"\t\t<div data-elementor-type=\"wp-post\" data-elementor-id=\"16947\" class=\"elementor elementor-16947\" data-elementor-post-type=\"product\">\n\t\t\t\t<div class=\"wd-negative-gap elementor-element elementor-element-c70fe3d e-flex e-con-boxed e-con e-parent\" data-id=\"c70fe3d\" data-element_type=\"container\" data-e-type=\"container\">\n\t\t\t\t\t<div class=\"e-con-inner\">\n\t\t\t\t<div class=\"elementor-element elementor-element-2b1ddee elementor-widget elementor-widget-wd_text_block\" data-id=\"2b1ddee\" data-element_type=\"widget\" data-e-type=\"widget\" data-widget_type=\"wd_text_block.default\">\n\t\t\t\t<div class=\"elementor-widget-container\">\n\t\t\t\t\t\t\t<div class=\"wd-text-block reset-last-child text-left\">\n\t\t\t\n\t\t\t<div class=\"FS16PX aos-init aos-animate\" data-aos=\"fade-right\"><div class=\"FS16PX aos-init aos-animate\" data-aos=\"fade-right\"><b>SIEMENS LOGO 0BA6 SIMATIC Field PG M6 - PORT\u00c1TIL - SIEMENS<\/b><\/div><div class=\"FS16PX TablaFiltrosTitulo\"><div class=\"TablaFiltrosTituloAncho\">\u00a0<\/div><\/div><\/div><div class=\"FS16PX TablaFiltrosTitulo\"><div class=\"TablaFiltrosTituloAncho\">\u00a0<\/div><\/div>\n\t\t\t\t\t<\/div>\n\t\t\t\t\t\t<\/div>\n\t\t\t\t<\/div>\n\t\t\t\t\t<\/div>\n\t\t\t\t<\/div>\n\t\t\t\t<\/div>\n\t\t","protected":false},"excerpt":{"rendered":"<div class=\"W100 MGN10PX\">\n<div class=\"FS16PX\">\n<p>Los gateways WEG son ideales para transmision de datos entre equipos usando los protocolos Modbus RTU y Ethernet Modbus TCP. Adem\u00e1s, sirvem para la pametrizaci\u00f3n de equipos usando la computadora atrav\u00e9s de un puerto ethernet o USB.<\/p>\n<\/div>\n<\/div>\n<p><a class=\"whatsapp-btn\" href=\"https:\/\/wa.me\/+51992461432?text=\u00a1Hola!%20Estoy%20interesado%20en%20solicitar%20una%20cotizaci\u00f3n\" target=\"_blank\" rel=\"noopener\">\u00a1Cotiza ahora!<\/a><\/p>\n","protected":false},"featured_media":16948,"comment_status":"open","ping_status":"closed","template":"","meta":{"_joinchat":[]},"product_brand":[249],"product_cat":[240],"product_tag":[],"class_list":{"0":"post-16947","1":"product","2":"type-product","3":"status-publish","4":"has-post-thumbnail","6":"product_brand-weg","7":"product_cat-automatizacion-industrial","9":"first","10":"instock","11":"shipping-taxable","12":"product-type-simple"},"_links":{"self":[{"href":"https:\/\/www.jch.com.pe\/index.php?rest_route=\/wp\/v2\/product\/16947","targetHints":{"allow":["GET"]}}],"collection":[{"href":"https:\/\/www.jch.com.pe\/index.php?rest_route=\/wp\/v2\/product"}],"about":[{"href":"https:\/\/www.jch.com.pe\/index.php?rest_route=\/wp\/v2\/types\/product"}],"replies":[{"embeddable":true,"href":"https:\/\/www.jch.com.pe\/index.php?rest_route=%2Fwp%2Fv2%2Fcomments&post=16947"}],"version-history":[{"count":1,"href":"https:\/\/www.jch.com.pe\/index.php?rest_route=\/wp\/v2\/product\/16947\/revisions"}],"predecessor-version":[{"id":16949,"href":"https:\/\/www.jch.com.pe\/index.php?rest_route=\/wp\/v2\/product\/16947\/revisions\/16949"}],"wp:featuredmedia":[{"embeddable":true,"href":"https:\/\/www.jch.com.pe\/index.php?rest_route=\/wp\/v2\/media\/16948"}],"wp:attachment":[{"href":"https:\/\/www.jch.com.pe\/index.php?rest_route=%2Fwp%2Fv2%2Fmedia&parent=16947"}],"wp:term":[{"taxonomy":"product_brand","embeddable":true,"href":"https:\/\/www.jch.com.pe\/index.php?rest_route=%2Fwp%2Fv2%2Fproduct_brand&post=16947"},{"taxonomy":"product_cat","embeddable":true,"href":"https:\/\/www.jch.com.pe\/index.php?rest_route=%2Fwp%2Fv2%2Fproduct_cat&post=16947"},{"taxonomy":"product_tag","embeddable":true,"href":"https:\/\/www.jch.com.pe\/index.php?rest_route=%2Fwp%2Fv2%2Fproduct_tag&post=16947"}],"curies":[{"name":"wp","href":"https:\/\/api.w.org\/{rel}","templated":true}]}}