{"id":16774,"date":"2025-05-18T22:22:58","date_gmt":"2025-05-18T22:22:58","guid":{"rendered":"https:\/\/www.jch.com.pe\/?post_type=product&#038;p=16774"},"modified":"2025-05-18T22:26:28","modified_gmt":"2025-05-18T22:26:28","slug":"arrancador-suave-ssw05-weg","status":"publish","type":"product","link":"https:\/\/www.jch.com.pe\/?product=arrancador-suave-ssw05-weg","title":{"rendered":"ARRANCADOR SUAVE SSW05 &#8211; WEG"},"content":{"rendered":"\t\t<div data-elementor-type=\"wp-post\" data-elementor-id=\"16774\" class=\"elementor elementor-16774\" data-elementor-post-type=\"product\">\n\t\t\t\t<div class=\"wd-negative-gap elementor-element elementor-element-c70fe3d e-flex e-con-boxed e-con e-parent\" data-id=\"c70fe3d\" data-element_type=\"container\" data-e-type=\"container\">\n\t\t\t\t\t<div class=\"e-con-inner\">\n\t\t\t\t<div class=\"elementor-element elementor-element-2b1ddee elementor-widget elementor-widget-wd_text_block\" data-id=\"2b1ddee\" data-element_type=\"widget\" data-e-type=\"widget\" data-widget_type=\"wd_text_block.default\">\n\t\t\t\t<div class=\"elementor-widget-container\">\n\t\t\t\t\t\t\t<div class=\"wd-text-block reset-last-child text-left\">\n\t\t\t\n\t\t\t<div class=\"FS16PX aos-init aos-animate\" data-aos=\"fade-right\">Soft-Starters son arrancadores est\u00e1ticos proyectados para aceleraci\u00f3n deceleraci\u00f3n y protecci\u00f3n de motores el\u00e9ctricos de inducci\u00f3n trif\u00e1sicos a trav\u00e9s del control de la tensi\u00f3n aplicada al motor. Las Micro Soft-Starters SSW05 Plus con control DSP (Digital Signal Processor) fueron proyectadas para garantizar \u00f3ptimo desempe\u00f1o en el arranque y parada de motores con excelente relaci\u00f3n costo beneficio.<\/div><div class=\"FS16PX TablaFiltrosTitulo\"><div class=\"TablaFiltrosTituloAncho\">\u00a0<\/div><\/div>\n\t\t\t\t\t<\/div>\n\t\t\t\t\t\t<\/div>\n\t\t\t\t<\/div>\n\t\t\t\t\t<\/div>\n\t\t\t\t<\/div>\n\t\t\t\t<\/div>\n\t\t","protected":false},"excerpt":{"rendered":"<p>Soft-Starters son arrancadores est\u00e1ticos proyectados para aceleraci\u00f3n deceleraci\u00f3n y protecci\u00f3n de motores el\u00e9ctricos de inducci\u00f3n trif\u00e1sicos a trav\u00e9s del control de la tensi\u00f3n aplicada al motor. Las Micro Soft-Starters SSW05 Plus con control DSP (Digital Signal Processor) fueron proyectadas para garantizar \u00f3ptimo desempe\u00f1o en el arranque y parada de motores con excelente relaci\u00f3n costo beneficio.<\/p>\n<p><a class=\"whatsapp-btn\" href=\"https:\/\/wa.me\/+51992461432?text=\u00a1Hola!%20Estoy%20interesado%20en%20solicitar%20una%20cotizaci\u00f3n\" target=\"_blank\" rel=\"noopener\">\u00a1Cotiza ahora!<\/a><\/p>\n","protected":false},"featured_media":16775,"comment_status":"open","ping_status":"closed","template":"","meta":{"_joinchat":[]},"product_brand":[249],"product_cat":[239],"product_tag":[],"class_list":{"0":"post-16774","1":"product","2":"type-product","3":"status-publish","4":"has-post-thumbnail","6":"product_brand-weg","7":"product_cat-arrancadores","9":"first","10":"instock","11":"shipping-taxable","12":"product-type-simple"},"_links":{"self":[{"href":"https:\/\/www.jch.com.pe\/index.php?rest_route=\/wp\/v2\/product\/16774","targetHints":{"allow":["GET"]}}],"collection":[{"href":"https:\/\/www.jch.com.pe\/index.php?rest_route=\/wp\/v2\/product"}],"about":[{"href":"https:\/\/www.jch.com.pe\/index.php?rest_route=\/wp\/v2\/types\/product"}],"replies":[{"embeddable":true,"href":"https:\/\/www.jch.com.pe\/index.php?rest_route=%2Fwp%2Fv2%2Fcomments&post=16774"}],"version-history":[{"count":4,"href":"https:\/\/www.jch.com.pe\/index.php?rest_route=\/wp\/v2\/product\/16774\/revisions"}],"predecessor-version":[{"id":16779,"href":"https:\/\/www.jch.com.pe\/index.php?rest_route=\/wp\/v2\/product\/16774\/revisions\/16779"}],"wp:featuredmedia":[{"embeddable":true,"href":"https:\/\/www.jch.com.pe\/index.php?rest_route=\/wp\/v2\/media\/16775"}],"wp:attachment":[{"href":"https:\/\/www.jch.com.pe\/index.php?rest_route=%2Fwp%2Fv2%2Fmedia&parent=16774"}],"wp:term":[{"taxonomy":"product_brand","embeddable":true,"href":"https:\/\/www.jch.com.pe\/index.php?rest_route=%2Fwp%2Fv2%2Fproduct_brand&post=16774"},{"taxonomy":"product_cat","embeddable":true,"href":"https:\/\/www.jch.com.pe\/index.php?rest_route=%2Fwp%2Fv2%2Fproduct_cat&post=16774"},{"taxonomy":"product_tag","embeddable":true,"href":"https:\/\/www.jch.com.pe\/index.php?rest_route=%2Fwp%2Fv2%2Fproduct_tag&post=16774"}],"curies":[{"name":"wp","href":"https:\/\/api.w.org\/{rel}","templated":true}]}}