{"id":4400,"date":"2021-10-12T15:51:09","date_gmt":"2021-10-12T15:51:09","guid":{"rendered":"http:\/\/dummy.xtemos.com\/woodmart2\/elementor\/?page_id=4400"},"modified":"2025-05-22T20:45:53","modified_gmt":"2025-05-22T20:45:53","slug":"about-us-3","status":"publish","type":"page","link":"https:\/\/www.jch.com.pe\/?page_id=4400","title":{"rendered":"Nosotros"},"content":{"rendered":"\t\t<div data-elementor-type=\"wp-page\" data-elementor-id=\"4400\" class=\"elementor elementor-4400\" data-elementor-post-type=\"page\">\n\t\t\t\t<div class=\"wd-negative-gap elementor-element elementor-element-7c7c544 e-flex e-con-boxed e-con e-parent\" data-id=\"7c7c544\" data-element_type=\"container\" data-e-type=\"container\">\n\t\t\t\t\t<div class=\"e-con-inner\">\n\t\t<div class=\"elementor-element elementor-element-e7cb5cd e-con-full e-flex e-con e-child\" data-id=\"e7cb5cd\" data-element_type=\"container\" data-e-type=\"container\">\n\t\t\t\t<div class=\"elementor-element elementor-element-56aec39 elementor-widget elementor-widget-wd_image_or_svg\" data-id=\"56aec39\" data-element_type=\"widget\" data-e-type=\"widget\" data-widget_type=\"wd_image_or_svg.default\">\n\t\t\t\t<div class=\"elementor-widget-container\">\n\t\t\t\t\t\n\t\t<div class=\"wd-image text-left\">\n\t\t\t\t\t\t\t\t<img loading=\"lazy\" decoding=\"async\" width=\"1364\" height=\"909\" src=\"https:\/\/www.jch.com.pe\/wp-content\/uploads\/2025\/05\/QSOMOS.webp\" class=\"attachment-full size-full\" alt=\"\" srcset=\"https:\/\/www.jch.com.pe\/wp-content\/uploads\/2025\/05\/QSOMOS.webp 1364w, https:\/\/www.jch.com.pe\/wp-content\/uploads\/2025\/05\/QSOMOS-400x267.webp 400w, https:\/\/www.jch.com.pe\/wp-content\/uploads\/2025\/05\/QSOMOS-1200x800.webp 1200w, https:\/\/www.jch.com.pe\/wp-content\/uploads\/2025\/05\/QSOMOS-768x512.webp 768w, https:\/\/www.jch.com.pe\/wp-content\/uploads\/2025\/05\/QSOMOS-430x287.webp 430w, https:\/\/www.jch.com.pe\/wp-content\/uploads\/2025\/05\/QSOMOS-700x466.webp 700w, https:\/\/www.jch.com.pe\/wp-content\/uploads\/2025\/05\/QSOMOS-150x100.webp 150w\" sizes=\"auto, (max-width: 1364px) 100vw, 1364px\" \/>\t\t\t\t\t<\/div>\n\n\t\t\t\t\t\t<\/div>\n\t\t\t\t<\/div>\n\t\t\t\t<\/div>\n\t\t<div class=\"elementor-element elementor-element-97d6084 e-con-full e-flex e-con e-child\" data-id=\"97d6084\" data-element_type=\"container\" data-e-type=\"container\">\n\t\t\t\t<div class=\"elementor-element elementor-element-98d830b wd-width-100 elementor-widget elementor-widget-wd_title\" data-id=\"98d830b\" data-element_type=\"widget\" data-e-type=\"widget\" data-widget_type=\"wd_title.default\">\n\t\t\t\t<div class=\"elementor-widget-container\">\n\t\t\t\t\t\t\t<div class=\"title-wrapper wd-set-mb reset-last-child wd-title-color-primary wd-title-style-default wd-title-size-large text-left\">\n\n\t\t\t\t\t\t\t\t\t\t\t<div class=\"title-subtitle subtitle-color-primary subtitle-style-default wd-fontsize-xs\">\n\t\t\t\t\tSomos JCH\t\t\t\t<\/div>\n\t\t\t\n\t\t\t<div class=\"liner-continer\">\n\t\t\t\t<h4 class=\"woodmart-title-container title wd-fontsize-xxl\">JCH ELECTRIC SOLUTIONS EIRL<\/h4> \n\t\t\t\t\t\t\t<\/div>\n\n\t\t\t\t\t\t\t<div class=\"title-after_title reset-last-child wd-fontsize-s\">\n\t\t\t\t\t<p>Comercializaci\u00f3n y Distribuci\u00f3n de Materiales El\u00e9ctricos, Proyectos de Ingenier\u00eda, Electr\u00f3nica y Automatizaci\u00f3n, obras Electromec\u00e1nicas en general.<\/p>\t\t\t\t<\/div>\n\t\t\t\t\t<\/div>\n\t\t\t\t\t\t<\/div>\n\t\t\t\t<\/div>\n\t\t\t\t<div class=\"elementor-element elementor-element-66e47ad elementor-widget elementor-widget-wd_text_block\" data-id=\"66e47ad\" data-element_type=\"widget\" data-e-type=\"widget\" data-widget_type=\"wd_text_block.default\">\n\t\t\t\t<div class=\"elementor-widget-container\">\n\t\t\t\t\t\t\t<div class=\"wd-text-block reset-last-child text-left\">\n\t\t\t\n\t\t\t<p>JCH ELECTRIC SOLUTIONS EIRL, es una empresa especializada a la comercializaci\u00f3n de<br \/>equipos el\u00e9ctricos y electr\u00f3nicos para la industria y construcci\u00f3n en general. Representamos<br \/>de prestigiosas marcas lideres en el mercado nacional e internacional como SCHNEIDER<br \/>ELECTRIC, SIEMENS, WEG, ABB, INDECO, PHILIPS Y 3M.<\/p>\n\t\t\t\t\t<\/div>\n\t\t\t\t\t\t<\/div>\n\t\t\t\t<\/div>\n\t\t\t\t<div class=\"elementor-element elementor-element-08404df elementor-widget elementor-widget-button\" data-id=\"08404df\" data-element_type=\"widget\" data-e-type=\"widget\" data-widget_type=\"button.default\">\n\t\t\t\t\t\t\t\t\t\t<a class=\"elementor-button elementor-button-link elementor-size-sm\" href=\"https:\/\/www.jch.com.pe\/wp-content\/uploads\/2025\/05\/JCH-BROCHURE-2025-1-2.pdf\">\n\t\t\t\t\t\t<span class=\"elementor-button-content-wrapper\">\n\t\t\t\t\t\t\t\t\t<span class=\"elementor-button-text\">Descargar Brochure<\/span>\n\t\t\t\t\t<\/span>\n\t\t\t\t\t<\/a>\n\t\t\t\t\t\t\t\t<\/div>\n\t\t<div class=\"elementor-element elementor-element-3eef7d8 e-con-full e-flex e-con e-child\" data-id=\"3eef7d8\" data-element_type=\"container\" data-e-type=\"container\">\n\t\t\t\t<div class=\"elementor-element elementor-element-ee232e9 elementor-widget__width-auto elementor-hidden-phone elementor-widget elementor-widget-wd_social_buttons\" data-id=\"ee232e9\" data-element_type=\"widget\" data-e-type=\"widget\" data-widget_type=\"wd_social_buttons.default\">\n\t\t\t\t<div class=\"elementor-widget-container\">\n\t\t\t\t\t\t\t\t<div\n\t\t\t\t\t\tclass=\" wd-social-icons wd-style-colored-alt wd-size-small social-share wd-shape-circle color-scheme-dark text-left\">\n\t\t\t\t\n\t\t\t\t\n\t\t\t\t\t\t\t\t\t<a rel=\"noopener noreferrer nofollow\" href=\"https:\/\/www.facebook.com\/sharer\/sharer.php?u=https:\/\/www.jch.com.pe\/?page_id=4400\" target=\"_blank\" class=\" wd-social-icon social-facebook\" aria-label=\"Facebook social link\">\n\t\t\t\t\t\t<span class=\"wd-icon\"><\/span>\n\t\t\t\t\t\t\t\t\t\t\t<\/a>\n\t\t\t\t\n\t\t\t\t\n\t\t\t\t\n\t\t\t\t\n\t\t\t\t\n\t\t\t\t\n\t\t\t\t\n\t\t\t\t\n\t\t\t\t\n\t\t\t\t\n\t\t\t\t\n\t\t\t\t\n\t\t\t\t\n\t\t\t\t\n\t\t\t\t\n\t\t\t\t\n\t\t\t\t\n\t\t\t\t\n\t\t\t\t\t\t\t\t\t<a rel=\"noopener noreferrer nofollow\" href=\"https:\/\/api.whatsapp.com\/send?text=https%3A%2F%2Fwww.jch.com.pe%2F%3Fpage_id%3D4400\" target=\"_blank\" class=\" wd-hide-md wd-social-icon social-whatsapp\" aria-label=\"WhatsApp social link\">\n\t\t\t\t\t\t<span class=\"wd-icon\"><\/span>\n\t\t\t\t\t\t\t\t\t\t\t<\/a>\n\n\t\t\t\t\t<a rel=\"noopener noreferrer nofollow\" href=\"whatsapp:\/\/send?text=http:\/\/https%3A%2F%2Fwww.jch.com.pe%2F%3Fpage_id%3D4400\" target=\"_blank\" class=\" wd-hide-lg wd-social-icon social-whatsapp\" aria-label=\"WhatsApp social link\">\n\t\t\t\t\t\t<span class=\"wd-icon\"><\/span>\n\t\t\t\t\t\t\t\t\t\t\t<\/a>\n\t\t\t\t\n\t\t\t\t\n\t\t\t\t\n\t\t\t\t\n\t\t\t\t\n\t\t\t\t\n\t\t\t\t\n\t\t\t\t\n\t\t\t<\/div>\n\n\t\t\t\t\t\t<\/div>\n\t\t\t\t<\/div>\n\t\t\t\t<\/div>\n\t\t\t\t<\/div>\n\t\t\t\t\t<\/div>\n\t\t\t\t<\/div>\n\t\t<div class=\"elementor-element elementor-element-88f368b e-flex e-con-boxed e-con e-parent\" data-id=\"88f368b\" data-element_type=\"container\" data-e-type=\"container\" data-settings=\"{&quot;background_background&quot;:&quot;classic&quot;}\">\n\t\t\t\t\t<div class=\"e-con-inner\">\n\t\t<div class=\"elementor-element elementor-element-d10f046 e-con-full e-flex e-con e-child\" data-id=\"d10f046\" data-element_type=\"container\" data-e-type=\"container\">\n\t\t\t\t<div class=\"elementor-element elementor-element-01ac565 elementor-widget elementor-widget-wd_text_block\" data-id=\"01ac565\" data-element_type=\"widget\" data-e-type=\"widget\" data-widget_type=\"wd_text_block.default\">\n\t\t\t\t<div class=\"elementor-widget-container\">\n\t\t\t\t\t\t\t<div class=\"wd-text-block reset-last-child text-left\">\n\t\t\t\n\t\t\t<h2><strong><span style=\"color: #000000;\">Misi\u00f3n<\/span><\/strong><\/h2><p>Nuestra misi\u00f3n es ofrecer un amplio portafolio de productos el\u00e9ctricos de marcas l\u00edderes a nivel mundial para contribuir en el desarrollo y \u00e9xito de los proyectos de nuestros clientes.<\/p>\n\t\t\t\t\t<\/div>\n\t\t\t\t\t\t<\/div>\n\t\t\t\t<\/div>\n\t\t\t\t<\/div>\n\t\t<div class=\"elementor-element elementor-element-7372b05 e-con-full e-flex e-con e-child\" data-id=\"7372b05\" data-element_type=\"container\" data-e-type=\"container\">\n\t\t\t\t<div class=\"elementor-element elementor-element-62768be elementor-widget elementor-widget-wd_text_block\" data-id=\"62768be\" data-element_type=\"widget\" data-e-type=\"widget\" data-widget_type=\"wd_text_block.default\">\n\t\t\t\t<div class=\"elementor-widget-container\">\n\t\t\t\t\t\t\t<div class=\"wd-text-block reset-last-child text-left\">\n\t\t\t\n\t\t\t<h2><strong><span style=\"color: #000000;\">Visi\u00f3n<\/span><\/strong><\/h2><p>Ser un aliado estrat\u00e9gico para nuestros clientes, proveedores y colaboradores, basado en nuestro amplio portafolio de productos, excelente servicio y compromiso con el desarrollo personal de nuestros clientes.<\/p>\n\t\t\t\t\t<\/div>\n\t\t\t\t\t\t<\/div>\n\t\t\t\t<\/div>\n\t\t\t\t<\/div>\n\t\t\t\t\t<\/div>\n\t\t\t\t<\/div>\n\t\t<div class=\"wd-negative-gap elementor-element elementor-element-c8eea9b e-flex e-con-boxed e-con e-parent\" data-id=\"c8eea9b\" data-element_type=\"container\" data-e-type=\"container\">\n\t\t\t\t\t<div class=\"e-con-inner\">\n\t\t<div class=\"elementor-element elementor-element-5d1c9a5 e-con-full e-flex e-con e-child\" data-id=\"5d1c9a5\" data-element_type=\"container\" data-e-type=\"container\">\n\t\t\t\t<div class=\"elementor-element elementor-element-8631100 elementor-widget elementor-widget-wd_text_block\" data-id=\"8631100\" data-element_type=\"widget\" data-e-type=\"widget\" data-widget_type=\"wd_text_block.default\">\n\t\t\t\t<div class=\"elementor-widget-container\">\n\t\t\t\t\t\t\t<div class=\"wd-text-block reset-last-child text-left\">\n\t\t\t\n\t\t\t<h2><strong><span style=\"color: #000000;\">Nuestros Valores<\/span><\/strong><\/h2><p><span style=\"color: #000000;\"><strong>Empat\u00eda<\/strong><\/span>: Es una herramienta clave que nos ha permitido tener una buena relaci\u00f3n con nuestros<br \/>colaboradores y desarrollar alianzas comerciales con nuestros clientes y proveedores.<br \/><span style=\"color: #000000;\"><strong>Respeto<\/strong><\/span>: En JCH valoramos el tiempo y trabajo de cada uno de nuestros colaboradores, proveedores y<br \/>clientes.<br \/><span style=\"color: #000000;\"><strong>Responsabilidad<\/strong><\/span>: Reconocemos nuestras obligaciones y actuamos conforme a ellas.<br \/><span style=\"color: #000000;\"><strong>Transparencia<\/strong><\/span>: Somos transparentes en todas nuestras actividades, ello nos permite colaborar en la toma de<br \/>decisiones.<\/p>\n\t\t\t\t\t<\/div>\n\t\t\t\t\t\t<\/div>\n\t\t\t\t<\/div>\n\t\t\t\t<\/div>\n\t\t<div class=\"elementor-element elementor-element-b27be84 e-con-full e-flex e-con e-child\" data-id=\"b27be84\" data-element_type=\"container\" data-e-type=\"container\">\n\t\t\t\t<div class=\"elementor-element elementor-element-aaa4fba elementor-widget elementor-widget-image\" data-id=\"aaa4fba\" data-element_type=\"widget\" data-e-type=\"widget\" data-widget_type=\"image.default\">\n\t\t\t\t\t\t\t\t\t\t\t\t\t\t\t<img loading=\"lazy\" decoding=\"async\" width=\"1186\" height=\"792\" src=\"https:\/\/www.jch.com.pe\/wp-content\/uploads\/2025\/05\/valores.webp\" class=\"attachment-large size-large wp-image-17824\" alt=\"\" srcset=\"https:\/\/www.jch.com.pe\/wp-content\/uploads\/2025\/05\/valores.webp 1186w, https:\/\/www.jch.com.pe\/wp-content\/uploads\/2025\/05\/valores-400x267.webp 400w, https:\/\/www.jch.com.pe\/wp-content\/uploads\/2025\/05\/valores-768x513.webp 768w, https:\/\/www.jch.com.pe\/wp-content\/uploads\/2025\/05\/valores-430x287.webp 430w, https:\/\/www.jch.com.pe\/wp-content\/uploads\/2025\/05\/valores-700x467.webp 700w, https:\/\/www.jch.com.pe\/wp-content\/uploads\/2025\/05\/valores-150x100.webp 150w\" sizes=\"auto, (max-width: 1186px) 100vw, 1186px\" \/>\t\t\t\t\t\t\t\t\t\t\t\t\t\t\t<\/div>\n\t\t\t\t<\/div>\n\t\t\t\t\t<\/div>\n\t\t\t\t<\/div>\n\t\t<div class=\"wd-negative-gap elementor-element elementor-element-fea729c e-flex e-con-boxed e-con e-parent\" data-id=\"fea729c\" data-element_type=\"container\" data-e-type=\"container\">\n\t\t\t\t\t<div class=\"e-con-inner\">\n\t\t\t\t\t<\/div>\n\t\t\t\t<\/div>\n\t\t\t\t<\/div>\n\t\t","protected":false},"excerpt":{"rendered":"<p>Somos JCH JCH ELECTRIC SOLUTIONS EIRL Comercializaci\u00f3n y Distribuci\u00f3n de Materiales El\u00e9ctricos, Proyectos de Ingenier\u00eda, Electr\u00f3nica y Automatizaci\u00f3n, obras Electromec\u00e1nicas<\/p>\n","protected":false},"author":1,"featured_media":0,"parent":0,"menu_order":0,"comment_status":"closed","ping_status":"closed","template":"","meta":{"_joinchat":[],"footnotes":""},"class_list":["post-4400","page","type-page","status-publish","hentry"],"_links":{"self":[{"href":"https:\/\/www.jch.com.pe\/index.php?rest_route=\/wp\/v2\/pages\/4400","targetHints":{"allow":["GET"]}}],"collection":[{"href":"https:\/\/www.jch.com.pe\/index.php?rest_route=\/wp\/v2\/pages"}],"about":[{"href":"https:\/\/www.jch.com.pe\/index.php?rest_route=\/wp\/v2\/types\/page"}],"author":[{"embeddable":true,"href":"https:\/\/www.jch.com.pe\/index.php?rest_route=\/wp\/v2\/users\/1"}],"replies":[{"embeddable":true,"href":"https:\/\/www.jch.com.pe\/index.php?rest_route=%2Fwp%2Fv2%2Fcomments&post=4400"}],"version-history":[{"count":18,"href":"https:\/\/www.jch.com.pe\/index.php?rest_route=\/wp\/v2\/pages\/4400\/revisions"}],"predecessor-version":[{"id":17830,"href":"https:\/\/www.jch.com.pe\/index.php?rest_route=\/wp\/v2\/pages\/4400\/revisions\/17830"}],"wp:attachment":[{"href":"https:\/\/www.jch.com.pe\/index.php?rest_route=%2Fwp%2Fv2%2Fmedia&parent=4400"}],"curies":[{"name":"wp","href":"https:\/\/api.w.org\/{rel}","templated":true}]}}