{"id":16744,"date":"2025-05-17T21:01:08","date_gmt":"2025-05-17T21:01:08","guid":{"rendered":"https:\/\/www.jch.com.pe\/?page_id=16744"},"modified":"2025-05-22T21:03:54","modified_gmt":"2025-05-22T21:03:54","slug":"servicios","status":"publish","type":"page","link":"https:\/\/www.jch.com.pe\/?page_id=16744","title":{"rendered":"Servicios"},"content":{"rendered":"\t\t<div data-elementor-type=\"wp-page\" data-elementor-id=\"16744\" class=\"elementor elementor-16744\" data-elementor-post-type=\"page\">\n\t\t\t\t<div class=\"wd-negative-gap elementor-element elementor-element-85b7b59 e-flex e-con-boxed e-con e-parent\" data-id=\"85b7b59\" data-element_type=\"container\" data-e-type=\"container\">\n\t\t\t\t\t<div class=\"e-con-inner\">\n\t\t<div class=\"elementor-element elementor-element-97c88f3 e-con-full e-flex e-con e-child\" data-id=\"97c88f3\" data-element_type=\"container\" data-e-type=\"container\">\n\t\t\t\t<div class=\"elementor-element elementor-element-40dccc1 wd-width-100 elementor-widget elementor-widget-wd_video\" data-id=\"40dccc1\" data-element_type=\"widget\" data-e-type=\"widget\" data-widget_type=\"wd_video.default\">\n\t\t\t\t<div class=\"elementor-widget-container\">\n\t\t\t\t\t\n\t\t<div class=\"wd-el-video wd-action-without wd-video-hosted\">\n\t\t\t\t\t\t\t<video src=\"https:\/\/www.jch.com.pe\/wp-content\/uploads\/2025\/05\/Video-de-WhatsApp-2025-05-22-a-las-10.09.44_3101056f_1.mp4\" playsinline controls preload=\"metadata\"><\/video>\t\t\t\n\t\t\t\n\t\t\t\n\t\t\t\t\t<\/div>\n\t\t\t\t\t\t<\/div>\n\t\t\t\t<\/div>\n\t\t\t\t<\/div>\n\t\t<div class=\"elementor-element elementor-element-fe8e37d e-con-full e-flex e-con e-child\" data-id=\"fe8e37d\" data-element_type=\"container\" data-e-type=\"container\">\n\t\t\t\t<div class=\"elementor-element elementor-element-8b9bbaa elementor-widget elementor-widget-wd_text_block\" data-id=\"8b9bbaa\" data-element_type=\"widget\" data-e-type=\"widget\" data-widget_type=\"wd_text_block.default\">\n\t\t\t\t<div class=\"elementor-widget-container\">\n\t\t\t\t\t\t\t<div class=\"wd-text-block reset-last-child text-left color-title\">\n\t\t\t\n\t\t\t<h2 style=\"text-align: center;\"><strong><span style=\"color: #000000;\">FABRICACI\u00d3N DE TABLEROS<\/span><\/strong><br \/><strong><span style=\"color: #000000;\">EL\u00c9CTRICOS<\/span><\/strong><\/h2>\n\t\t\t\t\t<\/div>\n\t\t\t\t\t\t<\/div>\n\t\t\t\t<\/div>\n\t\t\t\t<div class=\"elementor-element elementor-element-ca8157f elementor-widget elementor-widget-wd_text_block\" data-id=\"ca8157f\" data-element_type=\"widget\" data-e-type=\"widget\" data-widget_type=\"wd_text_block.default\">\n\t\t\t\t<div class=\"elementor-widget-container\">\n\t\t\t\t\t\t\t<div class=\"wd-text-block reset-last-child text-left\">\n\t\t\t\n\t\t\t<p><span style=\"color: #000000;\"><strong>En JCH<\/strong><\/span>, nos especializamos en la fabricaci\u00f3n y dise\u00f1o de tableros el\u00e9ctricos de <span style=\"color: #000000;\"><strong>DISTRIBUCION, PROTECCI\u00d3N, COMPENSACI\u00d3N DE ENERGIA, CENTRO DE CONTROL DE MOTORES Y AUTOMIZACI\u00d3N,<\/strong><\/span> entre otros.<\/p>\n<p>Contamos con un Departamento de Ingenier\u00eda y una Planta Industrial totalmente equipada y conformada por profesionales con amplia experiencia, donde se desarrollan dise\u00f1os electromec\u00e1nicos en funci\u00f3n a las necesidades de todos nuestros clientes..<\/p>\n\n\t\t\t\t\t<\/div>\n\t\t\t\t\t\t<\/div>\n\t\t\t\t<\/div>\n\t\t\t\t<\/div>\n\t\t\t\t\t<\/div>\n\t\t\t\t<\/div>\n\t\t<div class=\"wd-negative-gap elementor-element elementor-element-912213a e-grid e-con-boxed e-con e-parent\" data-id=\"912213a\" data-element_type=\"container\" data-e-type=\"container\">\n\t\t\t\t\t<div class=\"e-con-inner\">\n\t\t\t\t<div class=\"elementor-element elementor-element-12a60e3 elementor-widget elementor-widget-image\" data-id=\"12a60e3\" data-element_type=\"widget\" data-e-type=\"widget\" data-widget_type=\"image.default\">\n\t\t\t\t\t\t\t\t\t\t\t\t\t\t\t<img loading=\"lazy\" decoding=\"async\" width=\"760\" height=\"800\" src=\"https:\/\/www.jch.com.pe\/wp-content\/uploads\/2025\/05\/servicios-760x800.webp\" class=\"attachment-large size-large wp-image-17858\" alt=\"\" srcset=\"https:\/\/www.jch.com.pe\/wp-content\/uploads\/2025\/05\/servicios-760x800.webp 760w, https:\/\/www.jch.com.pe\/wp-content\/uploads\/2025\/05\/servicios-285x300.webp 285w, https:\/\/www.jch.com.pe\/wp-content\/uploads\/2025\/05\/servicios-768x809.webp 768w, https:\/\/www.jch.com.pe\/wp-content\/uploads\/2025\/05\/servicios-430x453.webp 430w, https:\/\/www.jch.com.pe\/wp-content\/uploads\/2025\/05\/servicios-700x737.webp 700w, https:\/\/www.jch.com.pe\/wp-content\/uploads\/2025\/05\/servicios-150x158.webp 150w, https:\/\/www.jch.com.pe\/wp-content\/uploads\/2025\/05\/servicios.webp 1116w\" sizes=\"auto, (max-width: 760px) 100vw, 760px\" \/>\t\t\t\t\t\t\t\t\t\t\t\t\t\t\t<\/div>\n\t\t\t\t<div class=\"elementor-element elementor-element-2999c48 elementor-widget elementor-widget-image\" data-id=\"2999c48\" data-element_type=\"widget\" data-e-type=\"widget\" data-widget_type=\"image.default\">\n\t\t\t\t\t\t\t\t\t\t\t\t\t\t\t<img loading=\"lazy\" decoding=\"async\" width=\"761\" height=\"800\" src=\"https:\/\/www.jch.com.pe\/wp-content\/uploads\/2025\/05\/servicios2-761x800.webp\" class=\"attachment-large size-large wp-image-17859\" alt=\"\" srcset=\"https:\/\/www.jch.com.pe\/wp-content\/uploads\/2025\/05\/servicios2-761x800.webp 761w, https:\/\/www.jch.com.pe\/wp-content\/uploads\/2025\/05\/servicios2-285x300.webp 285w, https:\/\/www.jch.com.pe\/wp-content\/uploads\/2025\/05\/servicios2-768x808.webp 768w, https:\/\/www.jch.com.pe\/wp-content\/uploads\/2025\/05\/servicios2-430x452.webp 430w, https:\/\/www.jch.com.pe\/wp-content\/uploads\/2025\/05\/servicios2-700x736.webp 700w, https:\/\/www.jch.com.pe\/wp-content\/uploads\/2025\/05\/servicios2-150x158.webp 150w, https:\/\/www.jch.com.pe\/wp-content\/uploads\/2025\/05\/servicios2.webp 1117w\" sizes=\"auto, (max-width: 761px) 100vw, 761px\" \/>\t\t\t\t\t\t\t\t\t\t\t\t\t\t\t<\/div>\n\t\t\t\t<div class=\"elementor-element elementor-element-9eda9e1 elementor-widget elementor-widget-image\" data-id=\"9eda9e1\" data-element_type=\"widget\" data-e-type=\"widget\" data-widget_type=\"image.default\">\n\t\t\t\t\t\t\t\t\t\t\t\t\t\t\t<img loading=\"lazy\" decoding=\"async\" width=\"761\" height=\"800\" src=\"https:\/\/www.jch.com.pe\/wp-content\/uploads\/2025\/05\/servicios3-761x800.webp\" class=\"attachment-large size-large wp-image-17860\" alt=\"\" srcset=\"https:\/\/www.jch.com.pe\/wp-content\/uploads\/2025\/05\/servicios3-761x800.webp 761w, https:\/\/www.jch.com.pe\/wp-content\/uploads\/2025\/05\/servicios3-285x300.webp 285w, https:\/\/www.jch.com.pe\/wp-content\/uploads\/2025\/05\/servicios3-768x807.webp 768w, https:\/\/www.jch.com.pe\/wp-content\/uploads\/2025\/05\/servicios3-430x452.webp 430w, https:\/\/www.jch.com.pe\/wp-content\/uploads\/2025\/05\/servicios3-700x736.webp 700w, https:\/\/www.jch.com.pe\/wp-content\/uploads\/2025\/05\/servicios3-150x158.webp 150w, https:\/\/www.jch.com.pe\/wp-content\/uploads\/2025\/05\/servicios3.webp 1118w\" sizes=\"auto, (max-width: 761px) 100vw, 761px\" \/>\t\t\t\t\t\t\t\t\t\t\t\t\t\t\t<\/div>\n\t\t\t\t<div class=\"elementor-element elementor-element-2843696 elementor-widget elementor-widget-image\" data-id=\"2843696\" data-element_type=\"widget\" data-e-type=\"widget\" data-widget_type=\"image.default\">\n\t\t\t\t\t\t\t\t\t\t\t\t\t\t\t<img loading=\"lazy\" decoding=\"async\" width=\"761\" height=\"800\" src=\"https:\/\/www.jch.com.pe\/wp-content\/uploads\/2025\/05\/servicios4-761x800.webp\" class=\"attachment-large size-large wp-image-17861\" alt=\"\" srcset=\"https:\/\/www.jch.com.pe\/wp-content\/uploads\/2025\/05\/servicios4-761x800.webp 761w, https:\/\/www.jch.com.pe\/wp-content\/uploads\/2025\/05\/servicios4-285x300.webp 285w, https:\/\/www.jch.com.pe\/wp-content\/uploads\/2025\/05\/servicios4-768x808.webp 768w, https:\/\/www.jch.com.pe\/wp-content\/uploads\/2025\/05\/servicios4-430x452.webp 430w, https:\/\/www.jch.com.pe\/wp-content\/uploads\/2025\/05\/servicios4-700x736.webp 700w, https:\/\/www.jch.com.pe\/wp-content\/uploads\/2025\/05\/servicios4-150x158.webp 150w, https:\/\/www.jch.com.pe\/wp-content\/uploads\/2025\/05\/servicios4.webp 1117w\" sizes=\"auto, (max-width: 761px) 100vw, 761px\" \/>\t\t\t\t\t\t\t\t\t\t\t\t\t\t\t<\/div>\n\t\t\t\t\t<\/div>\n\t\t\t\t<\/div>\n\t\t\t\t<\/div>\n\t\t","protected":false},"excerpt":{"rendered":"<p>FABRICACI\u00d3N DE TABLEROSEL\u00c9CTRICOS En JCH, nos especializamos en la fabricaci\u00f3n y dise\u00f1o de tableros el\u00e9ctricos de DISTRIBUCION, PROTECCI\u00d3N, COMPENSACI\u00d3N DE<\/p>\n","protected":false},"author":1,"featured_media":0,"parent":0,"menu_order":0,"comment_status":"closed","ping_status":"closed","template":"","meta":{"_joinchat":[],"footnotes":""},"class_list":["post-16744","page","type-page","status-publish","hentry"],"_links":{"self":[{"href":"https:\/\/www.jch.com.pe\/index.php?rest_route=\/wp\/v2\/pages\/16744","targetHints":{"allow":["GET"]}}],"collection":[{"href":"https:\/\/www.jch.com.pe\/index.php?rest_route=\/wp\/v2\/pages"}],"about":[{"href":"https:\/\/www.jch.com.pe\/index.php?rest_route=\/wp\/v2\/types\/page"}],"author":[{"embeddable":true,"href":"https:\/\/www.jch.com.pe\/index.php?rest_route=\/wp\/v2\/users\/1"}],"replies":[{"embeddable":true,"href":"https:\/\/www.jch.com.pe\/index.php?rest_route=%2Fwp%2Fv2%2Fcomments&post=16744"}],"version-history":[{"count":20,"href":"https:\/\/www.jch.com.pe\/index.php?rest_route=\/wp\/v2\/pages\/16744\/revisions"}],"predecessor-version":[{"id":17870,"href":"https:\/\/www.jch.com.pe\/index.php?rest_route=\/wp\/v2\/pages\/16744\/revisions\/17870"}],"wp:attachment":[{"href":"https:\/\/www.jch.com.pe\/index.php?rest_route=%2Fwp%2Fv2%2Fmedia&parent=16744"}],"curies":[{"name":"wp","href":"https:\/\/api.w.org\/{rel}","templated":true}]}}